{"id":660,"date":"2019-07-02T05:11:45","date_gmt":"2019-07-02T05:11:45","guid":{"rendered":"https:\/\/lighttherapypet.com\/about-us\/"},"modified":"2023-12-01T09:33:27","modified_gmt":"2023-12-01T09:33:27","slug":"about-us","status":"publish","type":"page","link":"https:\/\/lighttherapypet.com\/tr\/about-us\/","title":{"rendered":"Hakk\u0131m\u0131zda"},"content":{"rendered":"<div data-elementor-type=\"wp-post\" data-elementor-id=\"660\" class=\"elementor elementor-660\" data-elementor-post-type=\"page\">\n\t\t\t\t\t\t<section class=\"elementor-section elementor-top-section elementor-element elementor-element-6c8dc32 elementor-section-content-middle elementor-section-boxed elementor-section-height-default elementor-section-height-default\" data-id=\"6c8dc32\" data-element_type=\"section\">\n\t\t\t\t\t\t<div class=\"elementor-container elementor-column-gap-no\">\n\t\t\t\t\t<div class=\"elementor-column elementor-col-100 elementor-top-column elementor-element elementor-element-62d28d8\" data-id=\"62d28d8\" data-element_type=\"column\">\n\t\t\t<div class=\"elementor-widget-wrap elementor-element-populated\">\n\t\t\t\t\t\t<div class=\"elementor-element elementor-element-83531f4 elementor-widget elementor-widget-heading\" data-id=\"83531f4\" data-element_type=\"widget\" data-widget_type=\"heading.default\">\n\t\t\t\t<div class=\"elementor-widget-container\">\n\t\t\t<h1 class=\"elementor-heading-title elementor-size-default\">Lightcare Pet Hakk\u0131nda<\/h1>\t\t<\/div>\n\t\t\t\t<\/div>\n\t\t\t\t\t<\/div>\n\t\t<\/div>\n\t\t\t\t\t<\/div>\n\t\t<\/section>\n\t\t\t\t<section class=\"elementor-section elementor-top-section elementor-element elementor-element-479cf47 elementor-section-content-middle elementor-section-boxed elementor-section-height-default elementor-section-height-default\" data-id=\"479cf47\" data-element_type=\"section\">\n\t\t\t\t\t\t<div class=\"elementor-container elementor-column-gap-no\">\n\t\t\t\t\t<div class=\"elementor-column elementor-col-50 elementor-top-column elementor-element elementor-element-c403481\" data-id=\"c403481\" data-element_type=\"column\">\n\t\t\t<div class=\"elementor-widget-wrap elementor-element-populated\">\n\t\t\t\t\t\t<div class=\"elementor-element elementor-element-b30166d elementor-widget elementor-widget-image\" data-id=\"b30166d\" data-element_type=\"widget\" data-widget_type=\"image.default\">\n\t\t\t\t<div class=\"elementor-widget-container\">\n\t\t\t\t\t\t\t\t\t\t<figure class=\"wp-caption\">\n\t\t\t\t\t\t\t\t\t\t<img fetchpriority=\"high\" decoding=\"async\" width=\"600\" height=\"400\" src=\"https:\/\/lighttherapypet.com\/wp-content\/uploads\/2023\/11\/Lightcare-Pet-Factory.jpg\" class=\"attachment-large size-large wp-image-862\" alt=\"Lightcare Pet Fabrika\" srcset=\"https:\/\/lighttherapypet.com\/wp-content\/uploads\/2023\/11\/Lightcare-Pet-Factory.jpg 600w, https:\/\/lighttherapypet.com\/wp-content\/uploads\/2023\/11\/Lightcare-Pet-Factory-300x200.jpg 300w\" sizes=\"(max-width: 600px) 100vw, 600px\" title=\"\">\t\t\t\t\t\t\t\t\t\t\t<figcaption class=\"widget-image-caption wp-caption-text\">Lightcare Pet Fabrika<\/figcaption>\n\t\t\t\t\t\t\t\t\t\t<\/figure>\n\t\t\t\t\t\t\t<\/div>\n\t\t\t\t<\/div>\n\t\t\t\t\t<\/div>\n\t\t<\/div>\n\t\t\t\t<div class=\"elementor-column elementor-col-50 elementor-top-column elementor-element elementor-element-fbb64ca\" data-id=\"fbb64ca\" data-element_type=\"column\">\n\t\t\t<div class=\"elementor-widget-wrap elementor-element-populated\">\n\t\t\t\t\t\t<div class=\"elementor-element elementor-element-462a3e1 elementor-widget elementor-widget-heading\" data-id=\"462a3e1\" data-element_type=\"widget\" data-widget_type=\"heading.default\">\n\t\t\t\t<div class=\"elementor-widget-container\">\n\t\t\t<h2 class=\"elementor-heading-title elementor-size-default\">Giri\u015f<\/h2>\t\t<\/div>\n\t\t\t\t<\/div>\n\t\t\t\t<div class=\"elementor-element elementor-element-65341db elementor-widget elementor-widget-text-editor\" data-id=\"65341db\" data-element_type=\"widget\" data-widget_type=\"text-editor.default\">\n\t\t\t\t<div class=\"elementor-widget-container\">\n\t\t\t\t\t\t\t<p>2017 y\u0131l\u0131nda kurulan, Lightcare Pet, evcil hayvanlar i\u00e7in y\u00fcksek-kaliteli k\u0131rm\u0131z\u0131 \u0131\u015f\u0131k terapi pedleri \u00fcretiminde \u00c7in y\u00fcksek-teknoloji kurulu\u015fudur.<\/p><p>Fabrikam\u0131z yakla\u015f\u0131k 5,000 metrekarelik bir alan\u0131 kaplamaktad\u0131r ve 5 Ar-Ge m\u00fchendisi ve 10 QC m\u00fcfetti\u015fi dahil olmak \u00fczere yakla\u015f\u0131k 110 \u00e7al\u0131\u015fan\u0131 vard\u0131r, m\u00fc\u015fterilere yenilik\u00e7i tasar\u0131mlar ve g\u00fcvenilir kalitede evcil hayvan k\u0131rm\u0131z\u0131 \u0131\u015f\u0131k tedavisi \u00fcr\u00fcnleri sunmaktad\u0131r.<\/p>\t\t\t\t\t\t<\/div>\n\t\t\t\t<\/div>\n\t\t\t\t\t<\/div>\n\t\t<\/div>\n\t\t\t\t\t<\/div>\n\t\t<\/section>\n\t\t\t\t<section class=\"elementor-section elementor-top-section elementor-element elementor-element-f80bb1f elementor-section-content-middle elementor-section-boxed elementor-section-height-default elementor-section-height-default\" data-id=\"f80bb1f\" data-element_type=\"section\">\n\t\t\t\t\t\t<div class=\"elementor-container elementor-column-gap-default\">\n\t\t\t\t\t<div class=\"elementor-column elementor-col-50 elementor-top-column elementor-element elementor-element-3233850\" data-id=\"3233850\" data-element_type=\"column\">\n\t\t\t<div class=\"elementor-widget-wrap elementor-element-populated\">\n\t\t\t\t\t\t<div class=\"elementor-element elementor-element-e96565e elementor-widget elementor-widget-heading\" data-id=\"e96565e\" data-element_type=\"widget\" data-widget_type=\"heading.default\">\n\t\t\t\t<div class=\"elementor-widget-container\">\n\t\t\t<h2 class=\"elementor-heading-title elementor-size-default\">Sertifikalar<\/h2>\t\t<\/div>\n\t\t\t\t<\/div>\n\t\t\t\t<div class=\"elementor-element elementor-element-7dfe161 elementor-widget elementor-widget-text-editor\" data-id=\"7dfe161\" data-element_type=\"widget\" data-widget_type=\"text-editor.default\">\n\t\t\t\t<div class=\"elementor-widget-container\">\n\t\t\t\t\t\t\t<p>K\u0131rm\u0131z\u0131 \u0131\u015f\u0131kl\u0131 pedlerimiz ROHS, CE EMC, FCC, ELT, FDA, ve patentler. gibi uluslararas\u0131 yetkili sertifikalar ald\u0131 \u00c7in'den kolay \u00fcr\u00fcn ithal etmenizi ve g\u00fcmr\u00fck i\u015flemlerini yapman\u0131z\u0131 sa\u011flar. Bunlar, yaln\u0131zca kaliteli \u00fcr\u00fcnler sundu\u011fumuzu kan\u0131tlayan 50'den fazla sertifikam\u0131zdan, sadece birka\u00e7\u0131d\u0131r.\u00a0<\/p><p>\u00dcr\u00fcnlerimizin \u00f6m\u00fcr boyu \u00e7al\u0131\u015fmas\u0131n\u0131 sa\u011flamak i\u00e7in m\u00fckemmel hammaddeler kullan\u0131yoruz. T\u00fcm k\u0131rm\u0131z\u0131 \u0131\u015f\u0131k pedleri \u00e7e\u015fitli testler kullan\u0131larak kapsaml\u0131 bir \u015fekilde incelenir, kusur oran\u0131 0.2%,'den azd\u0131r ve eksiksiz hizmete sahiptir.\u00a0<span style=\"background-color: var(--ast-global-color-4); color: var(--ast-global-color-3); font-size: 1rem;\">Bu, sat\u0131\u015f sonras\u0131- oranlar\u0131n\u0131. d\u00fc\u015f\u00fcrmemize yard\u0131mc\u0131 olur.<\/span><\/p>\t\t\t\t\t\t<\/div>\n\t\t\t\t<\/div>\n\t\t\t\t\t<\/div>\n\t\t<\/div>\n\t\t\t\t<div class=\"elementor-column elementor-col-50 elementor-top-column elementor-element elementor-element-fe39c62\" data-id=\"fe39c62\" data-element_type=\"column\">\n\t\t\t<div class=\"elementor-widget-wrap elementor-element-populated\">\n\t\t\t\t\t\t<div class=\"elementor-element elementor-element-0ed14bf elementor-widget elementor-widget-image\" data-id=\"0ed14bf\" data-element_type=\"widget\" data-widget_type=\"image.default\">\n\t\t\t\t<div class=\"elementor-widget-container\">\n\t\t\t\t\t\t\t\t\t\t<figure class=\"wp-caption\">\n\t\t\t\t\t\t\t\t\t\t<img decoding=\"async\" width=\"600\" height=\"399\" src=\"https:\/\/lighttherapypet.com\/wp-content\/uploads\/2023\/11\/Lightcare-Pet-product-certificates.jpg\" class=\"attachment-large size-large wp-image-867\" alt=\"Lightcare Pet \u00fcr\u00fcn sertifikalar\u0131\" srcset=\"https:\/\/lighttherapypet.com\/wp-content\/uploads\/2023\/11\/Lightcare-Pet-product-certificates.jpg 600w, https:\/\/lighttherapypet.com\/wp-content\/uploads\/2023\/11\/Lightcare-Pet-product-certificates-300x200.jpg 300w\" sizes=\"(max-width: 600px) 100vw, 600px\" title=\"\">\t\t\t\t\t\t\t\t\t\t\t<figcaption class=\"widget-image-caption wp-caption-text\">Lightcare Pet \u00fcr\u00fcn sertifikalar\u0131<\/figcaption>\n\t\t\t\t\t\t\t\t\t\t<\/figure>\n\t\t\t\t\t\t\t<\/div>\n\t\t\t\t<\/div>\n\t\t\t\t\t<\/div>\n\t\t<\/div>\n\t\t\t\t\t<\/div>\n\t\t<\/section>\n\t\t\t\t<section class=\"elementor-section elementor-top-section elementor-element elementor-element-0c89f4a elementor-section-content-middle elementor-section-boxed elementor-section-height-default elementor-section-height-default\" data-id=\"0c89f4a\" data-element_type=\"section\">\n\t\t\t\t\t\t<div class=\"elementor-container elementor-column-gap-default\">\n\t\t\t\t\t<div class=\"elementor-column elementor-col-50 elementor-top-column elementor-element elementor-element-f8eefa6\" data-id=\"f8eefa6\" data-element_type=\"column\">\n\t\t\t<div class=\"elementor-widget-wrap elementor-element-populated\">\n\t\t\t\t\t\t<div class=\"elementor-element elementor-element-e785302 elementor-widget elementor-widget-image\" data-id=\"e785302\" data-element_type=\"widget\" data-widget_type=\"image.default\">\n\t\t\t\t<div class=\"elementor-widget-container\">\n\t\t\t\t\t\t\t\t\t\t<figure class=\"wp-caption\">\n\t\t\t\t\t\t\t\t\t\t<img decoding=\"async\" width=\"600\" height=\"428\" src=\"https:\/\/lighttherapypet.com\/wp-content\/uploads\/2023\/11\/Lightcare-Pet-Products.jpg\" class=\"attachment-large size-large wp-image-868\" alt=\"Lightcare Pet \u00dcr\u00fcnler\" srcset=\"https:\/\/lighttherapypet.com\/wp-content\/uploads\/2023\/11\/Lightcare-Pet-Products.jpg 600w, https:\/\/lighttherapypet.com\/wp-content\/uploads\/2023\/11\/Lightcare-Pet-Products-300x214.jpg 300w\" sizes=\"(max-width: 600px) 100vw, 600px\" title=\"\">\t\t\t\t\t\t\t\t\t\t\t<figcaption class=\"widget-image-caption wp-caption-text\">Lightcare Pet \u00dcr\u00fcnler<\/figcaption>\n\t\t\t\t\t\t\t\t\t\t<\/figure>\n\t\t\t\t\t\t\t<\/div>\n\t\t\t\t<\/div>\n\t\t\t\t\t<\/div>\n\t\t<\/div>\n\t\t\t\t<div class=\"elementor-column elementor-col-50 elementor-top-column elementor-element elementor-element-2174e87\" data-id=\"2174e87\" data-element_type=\"column\">\n\t\t\t<div class=\"elementor-widget-wrap elementor-element-populated\">\n\t\t\t\t\t\t<div class=\"elementor-element elementor-element-102a85a elementor-widget elementor-widget-heading\" data-id=\"102a85a\" data-element_type=\"widget\" data-widget_type=\"heading.default\">\n\t\t\t\t<div class=\"elementor-widget-container\">\n\t\t\t<h2 class=\"elementor-heading-title elementor-size-default\">\u00dcr\u00fcnler<\/h2>\t\t<\/div>\n\t\t\t\t<\/div>\n\t\t\t\t<div class=\"elementor-element elementor-element-1d19e85 elementor-widget elementor-widget-text-editor\" data-id=\"1d19e85\" data-element_type=\"widget\" data-widget_type=\"text-editor.default\">\n\t\t\t\t<div class=\"elementor-widget-container\">\n\t\t\t\t\t\t\t<p>Evcil hayvanlar\u0131n tedavisi i\u00e7in 50'den fazla k\u0131rm\u0131z\u0131 \u0131\u015f\u0131k tedavi \u00fcr\u00fcn\u00fc geli\u015ftirdik. \u015eu anda, \u00e7o\u011funlukla k\u00f6peklerin ve atlar\u0131n ba\u015f, s\u0131rt, ve ayaklar\u0131n\u0131 tedavi etmek i\u00e7in kullan\u0131lan k\u0131rm\u0131z\u0131 \u0131\u015f\u0131k pedleri bulunmaktad\u0131r.<\/p><p>\u015eimdi Amerika Birle\u015fik Devletleri, Avustralya, Japonya, Almanya, ve di\u011fer 20 \u00fclkeye ihra\u00e7 edildi. Y\u0131ll\u0131k sat\u0131\u015f hacmi 30%'den fazla artt\u0131 ve pazar pay\u0131 da artmaya devam ediyor.<\/p><p>\u015eu anda Amazon ve Shopify evcil hayvan markalar\u0131, YouTube ve TikTok KOL, ve evcil hayvan klinikleri. dahil olmak \u00fczere bir\u00e7ok deniza\u015f\u0131r\u0131 \u015firket, ile i\u015fbirli\u011fi yap\u0131yoruz.<\/p>\t\t\t\t\t\t<\/div>\n\t\t\t\t<\/div>\n\t\t\t\t\t<\/div>\n\t\t<\/div>\n\t\t\t\t\t<\/div>\n\t\t<\/section>\n\t\t\t\t<section class=\"elementor-section elementor-top-section elementor-element elementor-element-769ea9f elementor-section-content-middle elementor-section-boxed elementor-section-height-default elementor-section-height-default\" data-id=\"769ea9f\" data-element_type=\"section\">\n\t\t\t\t\t\t<div class=\"elementor-container elementor-column-gap-default\">\n\t\t\t\t\t<div class=\"elementor-column elementor-col-50 elementor-top-column elementor-element elementor-element-603ff2a\" data-id=\"603ff2a\" data-element_type=\"column\">\n\t\t\t<div class=\"elementor-widget-wrap elementor-element-populated\">\n\t\t\t\t\t\t<div class=\"elementor-element elementor-element-f4524b2 elementor-widget elementor-widget-heading\" data-id=\"f4524b2\" data-element_type=\"widget\" data-widget_type=\"heading.default\">\n\t\t\t\t<div class=\"elementor-widget-container\">\n\t\t\t<h2 class=\"elementor-heading-title elementor-size-default\">Hizmetler<\/h2>\t\t<\/div>\n\t\t\t\t<\/div>\n\t\t\t\t<div class=\"elementor-element elementor-element-b713344 elementor-widget elementor-widget-text-editor\" data-id=\"b713344\" data-element_type=\"widget\" data-widget_type=\"text-editor.default\">\n\t\t\t\t<div class=\"elementor-widget-container\">\n\t\t\t\t\t\t\t<p>Pazar talebi, t\u00fcketici- benzeri, ve istikrarl\u0131 kaliteye sahip \u00fcr\u00fcnler sunma taahh\u00fcd\u00fcm\u00fcz bizi rakiplerimizden ay\u0131r\u0131yor.\u00a0<\/p><p><span style=\"font-style: inherit; font-weight: inherit; background-color: var(--ast-global-color-4); color: var(--ast-global-color-3);\">\u0130ster standart \u00fcr\u00fcnlere ister ODM markan\u0131za, \u00f6zel logoya, ve paketlemeye, ihtiyac\u0131n\u0131z olsun, bilgili ekibimiz size her ad\u0131mda yard\u0131mc\u0131 olmaya haz\u0131rd\u0131r. <\/span><\/p><p><span style=\"font-style: inherit; font-weight: inherit; background-color: var(--ast-global-color-4); color: var(--ast-global-color-3);\">Ola\u011fan\u00fcst\u00fc m\u00fc\u015fteri hizmetleri, h\u0131zl\u0131 teslimat, ve rekabet\u00e7i fiyatland\u0131rma. sunmaktan gurur duyuyoruz.<\/span><\/p>\t\t\t\t\t\t<\/div>\n\t\t\t\t<\/div>\n\t\t\t\t\t<\/div>\n\t\t<\/div>\n\t\t\t\t<div class=\"elementor-column elementor-col-50 elementor-top-column elementor-element elementor-element-3411cd5\" data-id=\"3411cd5\" data-element_type=\"column\">\n\t\t\t<div class=\"elementor-widget-wrap elementor-element-populated\">\n\t\t\t\t\t\t<div class=\"elementor-element elementor-element-02961ba elementor-widget elementor-widget-image\" data-id=\"02961ba\" data-element_type=\"widget\" data-widget_type=\"image.default\">\n\t\t\t\t<div class=\"elementor-widget-container\">\n\t\t\t\t\t\t\t\t\t\t<figure class=\"wp-caption\">\n\t\t\t\t\t\t\t\t\t\t<img loading=\"lazy\" decoding=\"async\" width=\"600\" height=\"431\" src=\"https:\/\/lighttherapypet.com\/wp-content\/uploads\/2023\/11\/Lightcare-office.jpg\" class=\"attachment-large size-large wp-image-873\" alt=\"Lightcare Pet ofis\" srcset=\"https:\/\/lighttherapypet.com\/wp-content\/uploads\/2023\/11\/Lightcare-office.jpg 600w, https:\/\/lighttherapypet.com\/wp-content\/uploads\/2023\/11\/Lightcare-office-300x216.jpg 300w\" sizes=\"(max-width: 600px) 100vw, 600px\" title=\"\">\t\t\t\t\t\t\t\t\t\t\t<figcaption class=\"widget-image-caption wp-caption-text\">Lightcare Pet ofis<\/figcaption>\n\t\t\t\t\t\t\t\t\t\t<\/figure>\n\t\t\t\t\t\t\t<\/div>\n\t\t\t\t<\/div>\n\t\t\t\t\t<\/div>\n\t\t<\/div>\n\t\t\t\t\t<\/div>\n\t\t<\/section>\n\t\t\t\t<section class=\"elementor-section elementor-top-section elementor-element elementor-element-9dfbcd1 elementor-section-boxed elementor-section-height-default elementor-section-height-default\" data-id=\"9dfbcd1\" data-element_type=\"section\">\n\t\t\t\t\t\t<div class=\"elementor-container elementor-column-gap-default\">\n\t\t\t\t\t<div class=\"elementor-column elementor-col-100 elementor-top-column elementor-element elementor-element-599da49\" data-id=\"599da49\" data-element_type=\"column\">\n\t\t\t<div class=\"elementor-widget-wrap elementor-element-populated\">\n\t\t\t\t\t\t<div class=\"elementor-element elementor-element-cb08d6d elementor-widget elementor-widget-image-box\" data-id=\"cb08d6d\" data-element_type=\"widget\" data-widget_type=\"image-box.default\">\n\t\t\t\t<div class=\"elementor-widget-container\">\n\t\t\t<div class=\"elementor-image-box-wrapper\"><div class=\"elementor-image-box-content\"><h2 class=\"elementor-image-box-title\">\u00dcr\u00fcn Katalo\u011fu ve Fiyat Listesi Nas\u0131l Al\u0131n\u0131r?<\/h2><p class=\"elementor-image-box-description\">Sadece ileti\u015fim formunu doldurun ve bize g\u00f6nderin, 24 saat i\u00e7inde size e-posta ile cevap verece\u011fiz. \u00d6yleyse, \u015fimdi yazal\u0131m\uff01<\/p><\/div><\/div>\t\t<\/div>\n\t\t\t\t<\/div>\n\t\t\t\t<div class=\"elementor-element elementor-element-e14244a elementor-widget elementor-widget-wpforms\" data-id=\"e14244a\" data-element_type=\"widget\" data-widget_type=\"wpforms.default\">\n\t\t\t\t<div class=\"elementor-widget-container\">\n\t\t\t<div class=\"wpforms-container\" id=\"wpforms-982\"><form id=\"wpforms-form-982\" class=\"wpforms-validate wpforms-form wpforms-ajax-form\" data-formid=\"982\" method=\"post\" enctype=\"multipart\/form-data\" action=\"\/tr\/wp-json\/wp\/v2\/pages\/660\" data-token=\"3f9ebe28bb6e4449f528f43a54010b07\" data-token-time=\"1776273135\" data-trp-original-action=\"\/tr\/wp-json\/wp\/v2\/pages\/660\"><noscript class=\"wpforms-error-noscript\">Bu formu bitirebilmek i\u00e7in taray\u0131c\u0131n\u0131zda JavaScript'i etkinle\u015ftirin.<\/noscript><div class=\"wpforms-field-container\"><div id=\"wpforms-982-field_3-container\" class=\"wpforms-field wpforms-field-textarea\" data-field-id=\"3\"><label class=\"wpforms-field-label\" for=\"wpforms-982-field_3\">\u0130stek <span class=\"wpforms-required-label\">*<\/span><\/label><textarea id=\"wpforms-982-field_3\" class=\"wpforms-field-medium wpforms-field-required\" name=\"wpforms[fields][3]\" placeholder=\"\u00dcr\u00fcn modelini ve miktar\u0131n\u0131, veya \u00f6zelle\u015ftirme i\u00e7in logo dosyan\u0131z\u0131. girin\" required><\/textarea><\/div><div id=\"wpforms-982-field_2-container\" class=\"wpforms-field wpforms-field-name\" data-field-id=\"2\"><label class=\"wpforms-field-label\" for=\"wpforms-982-field_2\">\u0130sim <span class=\"wpforms-required-label\">*<\/span><\/label><input type=\"text\" id=\"wpforms-982-field_2\" class=\"wpforms-field-large wpforms-field-required\" name=\"wpforms[fields][2]\" placeholder=\"Sizin ad\u0131n\u0131z\" required><\/div><div id=\"wpforms-982-field_5-container\" class=\"wpforms-field wpforms-field-email\" data-field-id=\"5\"><label class=\"wpforms-field-label\" for=\"wpforms-982-field_5\">E-posta <span class=\"wpforms-required-label\">*<\/span><\/label><input type=\"email\" id=\"wpforms-982-field_5\" class=\"wpforms-field-large wpforms-field-required\" name=\"wpforms[fields][5]\" placeholder=\"your@email.com\" spellcheck=\"false\" required><div class=\"wpforms-field-description\">Size e-posta yoluyla cevap verece\u011fiz, l\u00fctfen do\u011fru \u015fekilde doldurun.<\/div><\/div><div id=\"wpforms-982-field_6-container\" class=\"wpforms-field wpforms-field-phone\" data-field-id=\"6\"><label class=\"wpforms-field-label\" for=\"wpforms-982-field_6\">Telefon veya WhatsApp<\/label><input type=\"tel\" id=\"wpforms-982-field_6\" class=\"wpforms-field-large wpforms-smart-phone-field\" data-rule-smart-phone-field=\"true\" name=\"wpforms[fields][6]\" placeholder=\"Numaralar\u0131n\u0131z\" aria-label=\"Telefon veya WhatsApp\" ><\/div><\/div><!-- .wpforms-field-container --><div class=\"wpforms-submit-container\" ><input type=\"hidden\" name=\"wpforms[id]\" value=\"982\"><input type=\"hidden\" name=\"page_title\" value=\"\"><input type=\"hidden\" name=\"page_url\" value=\"https:\/\/lighttherapypet.com\/tr\/wp-json\/wp\/v2\/pages\/660\"><input type=\"hidden\" name=\"url_referer\" value=\"https:\/\/lighttherapypet.com\/tr\/about-us\/\"><button type=\"submit\" name=\"wpforms[submit]\" id=\"wpforms-submit-982\" class=\"wpforms-submit\" data-alt-text=\"Sending...\" data-submit-text=\"Submit\" aria-live=\"assertive\" value=\"wpforms-submit\">G\u00f6nder<\/button><img loading=\"lazy\" decoding=\"async\" src=\"https:\/\/lighttherapypet.com\/wp-content\/plugins\/wpforms\/assets\/images\/submit-spin.svg\" class=\"wpforms-submit-spinner\" style=\"display: none;\" width=\"26\" height=\"26\" alt=\"Y\u00fckleniyor\" title=\"\"><\/div><input type=\"hidden\" name=\"trp-form-language\" value=\"tr\"\/><\/form><\/div>  <!-- .wpforms-container -->\t\t<\/div>\n\t\t\t\t<\/div>\n\t\t\t\t\t<\/div>\n\t\t<\/div>\n\t\t\t\t\t<\/div>\n\t\t<\/section>\n\t\t\t\t<\/div>","protected":false},"excerpt":{"rendered":"<p>Lightcare Pet Hakk\u0131nda Lightcare Pet Fabrika Tan\u0131t\u0131m\u0131 2017 y\u0131l\u0131nda kurulan, Lightcare Pet, \u00c7in'in y\u00fcksek-eknoloji kurulu\u015fudur [...]<\/p>","protected":false},"author":1,"featured_media":0,"parent":0,"menu_order":0,"comment_status":"closed","ping_status":"closed","template":"","meta":{"site-sidebar-layout":"no-sidebar","site-content-layout":"page-builder","ast-site-content-layout":"full-width-container","site-content-style":"unboxed","site-sidebar-style":"unboxed","ast-global-header-display":"","ast-banner-title-visibility":"","ast-main-header-display":"","ast-hfb-above-header-display":"","ast-hfb-below-header-display":"","ast-hfb-mobile-header-display":"","site-post-title":"disabled","ast-breadcrumbs-content":"","ast-featured-img":"disabled","footer-sml-layout":"","theme-transparent-header-meta":"default","adv-header-id-meta":"","stick-header-meta":"default","header-above-stick-meta":"","header-main-stick-meta":"","header-below-stick-meta":"","astra-migrate-meta-layouts":"set","ast-page-background-enabled":"default","ast-page-background-meta":{"desktop":{"background-color":"","background-image":"","background-repeat":"repeat","background-position":"center center","background-size":"auto","background-attachment":"scroll","background-type":"","background-media":"","overlay-type":"","overlay-color":"","overlay-gradient":""},"tablet":{"background-color":"","background-image":"","background-repeat":"repeat","background-position":"center center","background-size":"auto","background-attachment":"scroll","background-type":"","background-media":"","overlay-type":"","overlay-color":"","overlay-gradient":""},"mobile":{"background-color":"","background-image":"","background-repeat":"repeat","background-position":"center center","background-size":"auto","background-attachment":"scroll","background-type":"","background-media":"","overlay-type":"","overlay-color":"","overlay-gradient":""}},"ast-content-background-meta":{"desktop":{"background-color":"var(--ast-global-color-5)","background-image":"","background-repeat":"repeat","background-position":"center center","background-size":"auto","background-attachment":"scroll","background-type":"","background-media":"","overlay-type":"","overlay-color":"","overlay-gradient":""},"tablet":{"background-color":"var(--ast-global-color-5)","background-image":"","background-repeat":"repeat","background-position":"center center","background-size":"auto","background-attachment":"scroll","background-type":"","background-media":"","overlay-type":"","overlay-color":"","overlay-gradient":""},"mobile":{"background-color":"var(--ast-global-color-5)","background-image":"","background-repeat":"repeat","background-position":"center center","background-size":"auto","background-attachment":"scroll","background-type":"","background-media":"","overlay-type":"","overlay-color":"","overlay-gradient":""}},"footnotes":""},"class_list":["post-660","page","type-page","status-publish","hentry"],"_links":{"self":[{"href":"https:\/\/lighttherapypet.com\/tr\/wp-json\/wp\/v2\/pages\/660","targetHints":{"allow":["GET"]}}],"collection":[{"href":"https:\/\/lighttherapypet.com\/tr\/wp-json\/wp\/v2\/pages"}],"about":[{"href":"https:\/\/lighttherapypet.com\/tr\/wp-json\/wp\/v2\/types\/page"}],"author":[{"embeddable":true,"href":"https:\/\/lighttherapypet.com\/tr\/wp-json\/wp\/v2\/users\/1"}],"replies":[{"embeddable":true,"href":"https:\/\/lighttherapypet.com\/tr\/wp-json\/wp\/v2\/comments?post=660"}],"version-history":[{"count":0,"href":"https:\/\/lighttherapypet.com\/tr\/wp-json\/wp\/v2\/pages\/660\/revisions"}],"wp:attachment":[{"href":"https:\/\/lighttherapypet.com\/tr\/wp-json\/wp\/v2\/media?parent=660"}],"curies":[{"name":"wp","href":"https:\/\/api.w.org\/{rel}","templated":true}]}}