{"id":10,"date":"2023-08-24T13:14:35","date_gmt":"2023-08-24T13:14:35","guid":{"rendered":"https:\/\/lighttherapypet.com\/?page_id=10"},"modified":"2023-11-18T14:29:52","modified_gmt":"2023-11-18T14:29:52","slug":"blog","status":"publish","type":"page","link":"https:\/\/lighttherapypet.com\/tr\/blog\/","title":{"rendered":"Blog"},"content":{"rendered":"<div data-elementor-type=\"wp-post\" data-elementor-id=\"10\" class=\"elementor elementor-10\" data-elementor-post-type=\"page\">\n\t\t\t\t\t\t<section class=\"elementor-section elementor-top-section elementor-element elementor-element-848d592 elementor-section-boxed elementor-section-height-default elementor-section-height-default\" data-id=\"848d592\" data-element_type=\"section\">\n\t\t\t\t\t\t<div class=\"elementor-container elementor-column-gap-default\">\n\t\t\t\t\t<div class=\"elementor-column elementor-col-100 elementor-top-column elementor-element elementor-element-adfbc33\" data-id=\"adfbc33\" data-element_type=\"column\">\n\t\t\t<div class=\"elementor-widget-wrap elementor-element-populated\">\n\t\t\t\t\t\t<div class=\"elementor-element elementor-element-9367a6d elementor-widget elementor-widget-heading\" data-id=\"9367a6d\" data-element_type=\"widget\" data-widget_type=\"heading.default\">\n\t\t\t\t<div class=\"elementor-widget-container\">\n\t\t\t<h1 class=\"elementor-heading-title elementor-size-default\">Blog<\/h1>\t\t<\/div>\n\t\t\t\t<\/div>\n\t\t\t\t\t<\/div>\n\t\t<\/div>\n\t\t\t\t\t<\/div>\n\t\t<\/section>\n\t\t\t\t<section class=\"elementor-section elementor-top-section elementor-element elementor-element-1e2d05a elementor-section-boxed elementor-section-height-default elementor-section-height-default\" data-id=\"1e2d05a\" data-element_type=\"section\">\n\t\t\t\t\t\t<div class=\"elementor-container elementor-column-gap-default\">\n\t\t\t\t\t<div class=\"elementor-column elementor-col-100 elementor-top-column elementor-element elementor-element-304d54e\" data-id=\"304d54e\" data-element_type=\"column\">\n\t\t\t<div class=\"elementor-widget-wrap elementor-element-populated\">\n\t\t\t\t\t\t<div class=\"elementor-element elementor-element-7a36203 elementor-grid-3 elementor-grid-tablet-2 elementor-grid-mobile-1 elementor-posts--thumbnail-top elementor-card-shadow-yes elementor-posts__hover-gradient elementor-widget elementor-widget-posts\" data-id=\"7a36203\" data-element_type=\"widget\" data-settings=\"{&quot;cards_masonry&quot;:&quot;yes&quot;,&quot;cards_columns&quot;:&quot;3&quot;,&quot;cards_columns_tablet&quot;:&quot;2&quot;,&quot;cards_columns_mobile&quot;:&quot;1&quot;,&quot;cards_row_gap&quot;:{&quot;unit&quot;:&quot;px&quot;,&quot;size&quot;:35,&quot;sizes&quot;:[]},&quot;cards_row_gap_tablet&quot;:{&quot;unit&quot;:&quot;px&quot;,&quot;size&quot;:&quot;&quot;,&quot;sizes&quot;:[]},&quot;cards_row_gap_mobile&quot;:{&quot;unit&quot;:&quot;px&quot;,&quot;size&quot;:&quot;&quot;,&quot;sizes&quot;:[]}}\" data-widget_type=\"posts.cards\">\n\t\t\t\t<div class=\"elementor-widget-container\">\n\t\t\t\t\t<div class=\"elementor-posts-container elementor-posts elementor-posts--skin-cards elementor-grid\">\n\t\t\t\t<article class=\"elementor-post elementor-grid-item post-1541 post type-post status-publish format-standard has-post-thumbnail hentry category-uncategorized\">\n\t\t\t<div class=\"elementor-post__card\">\n\t\t\t\t<a class=\"elementor-post__thumbnail__link\" href=\"https:\/\/lighttherapypet.com\/tr\/what-is-horse-red-light-therapy\/\" tabindex=\"-1\"><div class=\"elementor-post__thumbnail\"><img fetchpriority=\"high\" decoding=\"async\" width=\"300\" height=\"300\" src=\"https:\/\/lighttherapypet.com\/wp-content\/uploads\/2024\/03\/Horse-Red-Light-Therapy-300x300.webp\" class=\"attachment-medium size-medium wp-image-1548\" alt=\"At K\u0131rm\u0131z\u0131 I\u015f\u0131k Terapisi\" srcset=\"https:\/\/lighttherapypet.com\/wp-content\/uploads\/2024\/03\/Horse-Red-Light-Therapy-300x300.webp 300w, https:\/\/lighttherapypet.com\/wp-content\/uploads\/2024\/03\/Horse-Red-Light-Therapy-150x150.webp 150w, https:\/\/lighttherapypet.com\/wp-content\/uploads\/2024\/03\/Horse-Red-Light-Therapy-12x12.webp 12w, https:\/\/lighttherapypet.com\/wp-content\/uploads\/2024\/03\/Horse-Red-Light-Therapy-100x100.webp 100w, https:\/\/lighttherapypet.com\/wp-content\/uploads\/2024\/03\/Horse-Red-Light-Therapy.webp 500w\" sizes=\"(max-width: 300px) 100vw, 300px\" title=\"\"><\/div><\/a>\n\t\t\t\t<div class=\"elementor-post__text\">\n\t\t\t\t<h2 class=\"elementor-post__title\">\n\t\t\t<a href=\"https:\/\/lighttherapypet.com\/tr\/what-is-horse-red-light-therapy\/\">\n\t\t\t\tAt K\u0131rm\u0131z\u0131 I\u015f\u0131k Terapisi Nedir ve Faydalar\u0131 Nelerdir?\t\t\t<\/a>\n\t\t<\/h2>\n\t\t\t\t<div class=\"elementor-post__excerpt\">\n\t\t\t<p>At k\u0131rm\u0131z\u0131 \u0131\u015f\u0131k terapisi, ayn\u0131 zamanda at fotobiyomod\u00fclasyon terapisi, olarak da bilinir ve k\u0131z\u0131l\u00f6tesi ve k\u0131rm\u0131z\u0131 \u0131\u015f\u0131k kullan\u0131m\u0131n\u0131 i\u00e7erir<\/p>\n\t\t<\/div>\n\t\t\t\t<\/div>\n\t\t\t\t\t<\/div>\n\t\t<\/article>\n\t\t\t\t<article class=\"elementor-post elementor-grid-item post-944 post type-post status-publish format-standard has-post-thumbnail hentry category-uncategorized\">\n\t\t\t<div class=\"elementor-post__card\">\n\t\t\t\t<a class=\"elementor-post__thumbnail__link\" href=\"https:\/\/lighttherapypet.com\/tr\/red-light-therapy-safe-for-dogs\/\" tabindex=\"-1\"><div class=\"elementor-post__thumbnail\"><img decoding=\"async\" width=\"300\" height=\"300\" src=\"https:\/\/lighttherapypet.com\/wp-content\/uploads\/2023\/11\/Is-Red-Light-Therapy-Safe-for-Dogs-300x300.jpg\" class=\"attachment-medium size-medium wp-image-1288\" alt=\"K\u0131rm\u0131z\u0131 I\u015f\u0131k Terapisi K\u00f6pekler \u0130\u00e7in G\u00fcvenli mi\" srcset=\"https:\/\/lighttherapypet.com\/wp-content\/uploads\/2023\/11\/Is-Red-Light-Therapy-Safe-for-Dogs-300x300.jpg 300w, https:\/\/lighttherapypet.com\/wp-content\/uploads\/2023\/11\/Is-Red-Light-Therapy-Safe-for-Dogs-150x150.jpg 150w, https:\/\/lighttherapypet.com\/wp-content\/uploads\/2023\/11\/Is-Red-Light-Therapy-Safe-for-Dogs-100x100.jpg 100w, https:\/\/lighttherapypet.com\/wp-content\/uploads\/2023\/11\/Is-Red-Light-Therapy-Safe-for-Dogs.jpg 500w\" sizes=\"(max-width: 300px) 100vw, 300px\" title=\"\"><\/div><\/a>\n\t\t\t\t<div class=\"elementor-post__text\">\n\t\t\t\t<h2 class=\"elementor-post__title\">\n\t\t\t<a href=\"https:\/\/lighttherapypet.com\/tr\/red-light-therapy-safe-for-dogs\/\">\n\t\t\t\tK\u0131rm\u0131z\u0131 I\u015f\u0131k Terapisi K\u00f6pekler \u0130\u00e7in G\u00fcvenli midir?\t\t\t<\/a>\n\t\t<\/h2>\n\t\t\t\t<div class=\"elementor-post__excerpt\">\n\t\t\t<p>k\u0131rm\u0131z\u0131 \u0131\u015f\u0131k tedavisi, h\u00fccresel aktiviteyi uyarmak i\u00e7in d\u00fc\u015f\u00fck-seviyesinde k\u0131rm\u0131z\u0131 veya yak\u0131n-infrared \u0131\u015f\u0131k kullanan-invaziv olmayan bir tedavidir,<\/p>\n\t\t<\/div>\n\t\t\t\t<\/div>\n\t\t\t\t\t<\/div>\n\t\t<\/article>\n\t\t\t\t<article class=\"elementor-post elementor-grid-item post-886 post type-post status-publish format-standard has-post-thumbnail hentry category-uncategorized tag-how-to-use-red-light-therapy-for-dog-arthritis tag-red-light-therapy-for-dog-arthritis\">\n\t\t\t<div class=\"elementor-post__card\">\n\t\t\t\t<a class=\"elementor-post__thumbnail__link\" href=\"https:\/\/lighttherapypet.com\/tr\/red-light-therapy-for-dog-arthritis\/\" tabindex=\"-1\"><div class=\"elementor-post__thumbnail\"><img decoding=\"async\" width=\"300\" height=\"300\" src=\"https:\/\/lighttherapypet.com\/wp-content\/uploads\/2023\/11\/Red-Light-Therapy-for-Dog-Arthritis-300x300.jpg\" class=\"attachment-medium size-medium wp-image-1285\" alt=\"K\u00f6pek Artriti i\u00e7in K\u0131rm\u0131z\u0131 I\u015f\u0131k Terapisi\" srcset=\"https:\/\/lighttherapypet.com\/wp-content\/uploads\/2023\/11\/Red-Light-Therapy-for-Dog-Arthritis-300x300.jpg 300w, https:\/\/lighttherapypet.com\/wp-content\/uploads\/2023\/11\/Red-Light-Therapy-for-Dog-Arthritis-150x150.jpg 150w, https:\/\/lighttherapypet.com\/wp-content\/uploads\/2023\/11\/Red-Light-Therapy-for-Dog-Arthritis-100x100.jpg 100w, https:\/\/lighttherapypet.com\/wp-content\/uploads\/2023\/11\/Red-Light-Therapy-for-Dog-Arthritis.jpg 500w\" sizes=\"(max-width: 300px) 100vw, 300px\" title=\"\"><\/div><\/a>\n\t\t\t\t<div class=\"elementor-post__text\">\n\t\t\t\t<h2 class=\"elementor-post__title\">\n\t\t\t<a href=\"https:\/\/lighttherapypet.com\/tr\/red-light-therapy-for-dog-arthritis\/\">\n\t\t\t\tK\u00f6pek Artriti i\u00e7in K\u0131rm\u0131z\u0131 I\u015f\u0131k Terapisi\t\t\t<\/a>\n\t\t<\/h2>\n\t\t\t\t<div class=\"elementor-post__excerpt\">\n\t\t\t<p>K\u0131rm\u0131z\u0131 \u0131\u015f\u0131k tedavisi k\u00f6peklerde artrit tedavisinde de\u011ferli bir tamamlay\u0131c\u0131 tedavi olabilir. \u0130\u015fte k\u0131rm\u0131z\u0131 \u0131\u015f\u0131\u011f\u0131n nas\u0131l<\/p>\n\t\t<\/div>\n\t\t\t\t<\/div>\n\t\t\t\t\t<\/div>\n\t\t<\/article>\n\t\t\t\t<\/div>\n\t\t\n\t\t\t\t<\/div>\n\t\t\t\t<\/div>\n\t\t\t\t\t<\/div>\n\t\t<\/div>\n\t\t\t\t\t<\/div>\n\t\t<\/section>\n\t\t\t\t<\/div>","protected":false},"excerpt":{"rendered":"<p>Blog<\/p>","protected":false},"author":1,"featured_media":0,"parent":0,"menu_order":0,"comment_status":"closed","ping_status":"closed","template":"","meta":{"site-sidebar-layout":"no-sidebar","site-content-layout":"page-builder","ast-site-content-layout":"full-width-container","site-content-style":"unboxed","site-sidebar-style":"unboxed","ast-global-header-display":"","ast-banner-title-visibility":"","ast-main-header-display":"","ast-hfb-above-header-display":"","ast-hfb-below-header-display":"","ast-hfb-mobile-header-display":"","site-post-title":"disabled","ast-breadcrumbs-content":"","ast-featured-img":"disabled","footer-sml-layout":"","theme-transparent-header-meta":"default","adv-header-id-meta":"","stick-header-meta":"default","header-above-stick-meta":"","header-main-stick-meta":"","header-below-stick-meta":"","astra-migrate-meta-layouts":"set","ast-page-background-enabled":"default","ast-page-background-meta":{"desktop":{"background-color":"","background-image":"","background-repeat":"repeat","background-position":"center center","background-size":"auto","background-attachment":"scroll","background-type":"","background-media":"","overlay-type":"","overlay-color":"","overlay-gradient":""},"tablet":{"background-color":"","background-image":"","background-repeat":"repeat","background-position":"center center","background-size":"auto","background-attachment":"scroll","background-type":"","background-media":"","overlay-type":"","overlay-color":"","overlay-gradient":""},"mobile":{"background-color":"","background-image":"","background-repeat":"repeat","background-position":"center center","background-size":"auto","background-attachment":"scroll","background-type":"","background-media":"","overlay-type":"","overlay-color":"","overlay-gradient":""}},"ast-content-background-meta":{"desktop":{"background-color":"var(--ast-global-color-5)","background-image":"","background-repeat":"repeat","background-position":"center center","background-size":"auto","background-attachment":"scroll","background-type":"","background-media":"","overlay-type":"","overlay-color":"","overlay-gradient":""},"tablet":{"background-color":"var(--ast-global-color-5)","background-image":"","background-repeat":"repeat","background-position":"center center","background-size":"auto","background-attachment":"scroll","background-type":"","background-media":"","overlay-type":"","overlay-color":"","overlay-gradient":""},"mobile":{"background-color":"var(--ast-global-color-5)","background-image":"","background-repeat":"repeat","background-position":"center center","background-size":"auto","background-attachment":"scroll","background-type":"","background-media":"","overlay-type":"","overlay-color":"","overlay-gradient":""}},"footnotes":""},"class_list":["post-10","page","type-page","status-publish","hentry"],"_links":{"self":[{"href":"https:\/\/lighttherapypet.com\/tr\/wp-json\/wp\/v2\/pages\/10","targetHints":{"allow":["GET"]}}],"collection":[{"href":"https:\/\/lighttherapypet.com\/tr\/wp-json\/wp\/v2\/pages"}],"about":[{"href":"https:\/\/lighttherapypet.com\/tr\/wp-json\/wp\/v2\/types\/page"}],"author":[{"embeddable":true,"href":"https:\/\/lighttherapypet.com\/tr\/wp-json\/wp\/v2\/users\/1"}],"replies":[{"embeddable":true,"href":"https:\/\/lighttherapypet.com\/tr\/wp-json\/wp\/v2\/comments?post=10"}],"version-history":[{"count":0,"href":"https:\/\/lighttherapypet.com\/tr\/wp-json\/wp\/v2\/pages\/10\/revisions"}],"wp:attachment":[{"href":"https:\/\/lighttherapypet.com\/tr\/wp-json\/wp\/v2\/media?parent=10"}],"curies":[{"name":"wp","href":"https:\/\/api.w.org\/{rel}","templated":true}]}}