{"id":660,"date":"2019-07-02T05:11:45","date_gmt":"2019-07-02T05:11:45","guid":{"rendered":"https:\/\/lighttherapypet.com\/about-us\/"},"modified":"2023-12-01T09:33:27","modified_gmt":"2023-12-01T09:33:27","slug":"about-us","status":"publish","type":"page","link":"https:\/\/lighttherapypet.com\/sv\/about-us\/","title":{"rendered":"Om oss"},"content":{"rendered":"<div data-elementor-type=\"wp-post\" data-elementor-id=\"660\" class=\"elementor elementor-660\" data-elementor-post-type=\"page\">\n\t\t\t\t\t\t<section class=\"elementor-section elementor-top-section elementor-element elementor-element-6c8dc32 elementor-section-content-middle elementor-section-boxed elementor-section-height-default elementor-section-height-default\" data-id=\"6c8dc32\" data-element_type=\"section\">\n\t\t\t\t\t\t<div class=\"elementor-container elementor-column-gap-no\">\n\t\t\t\t\t<div class=\"elementor-column elementor-col-100 elementor-top-column elementor-element elementor-element-62d28d8\" data-id=\"62d28d8\" data-element_type=\"column\">\n\t\t\t<div class=\"elementor-widget-wrap elementor-element-populated\">\n\t\t\t\t\t\t<div class=\"elementor-element elementor-element-83531f4 elementor-widget elementor-widget-heading\" data-id=\"83531f4\" data-element_type=\"widget\" data-widget_type=\"heading.default\">\n\t\t\t\t<div class=\"elementor-widget-container\">\n\t\t\t<h1 class=\"elementor-heading-title elementor-size-default\">Om Lightcare Pet<\/h1>\t\t<\/div>\n\t\t\t\t<\/div>\n\t\t\t\t\t<\/div>\n\t\t<\/div>\n\t\t\t\t\t<\/div>\n\t\t<\/section>\n\t\t\t\t<section class=\"elementor-section elementor-top-section elementor-element elementor-element-479cf47 elementor-section-content-middle elementor-section-boxed elementor-section-height-default elementor-section-height-default\" data-id=\"479cf47\" data-element_type=\"section\">\n\t\t\t\t\t\t<div class=\"elementor-container elementor-column-gap-no\">\n\t\t\t\t\t<div class=\"elementor-column elementor-col-50 elementor-top-column elementor-element elementor-element-c403481\" data-id=\"c403481\" data-element_type=\"column\">\n\t\t\t<div class=\"elementor-widget-wrap elementor-element-populated\">\n\t\t\t\t\t\t<div class=\"elementor-element elementor-element-b30166d elementor-widget elementor-widget-image\" data-id=\"b30166d\" data-element_type=\"widget\" data-widget_type=\"image.default\">\n\t\t\t\t<div class=\"elementor-widget-container\">\n\t\t\t\t\t\t\t\t\t\t<figure class=\"wp-caption\">\n\t\t\t\t\t\t\t\t\t\t<img fetchpriority=\"high\" decoding=\"async\" width=\"600\" height=\"400\" src=\"https:\/\/lighttherapypet.com\/wp-content\/uploads\/2023\/11\/Lightcare-Pet-Factory.jpg\" class=\"attachment-large size-large wp-image-862\" alt=\"Lightcare Pet-fabriken\" srcset=\"https:\/\/lighttherapypet.com\/wp-content\/uploads\/2023\/11\/Lightcare-Pet-Factory.jpg 600w, https:\/\/lighttherapypet.com\/wp-content\/uploads\/2023\/11\/Lightcare-Pet-Factory-300x200.jpg 300w\" sizes=\"(max-width: 600px) 100vw, 600px\" title=\"\">\t\t\t\t\t\t\t\t\t\t\t<figcaption class=\"widget-image-caption wp-caption-text\">Lightcare Pet-fabriken<\/figcaption>\n\t\t\t\t\t\t\t\t\t\t<\/figure>\n\t\t\t\t\t\t\t<\/div>\n\t\t\t\t<\/div>\n\t\t\t\t\t<\/div>\n\t\t<\/div>\n\t\t\t\t<div class=\"elementor-column elementor-col-50 elementor-top-column elementor-element elementor-element-fbb64ca\" data-id=\"fbb64ca\" data-element_type=\"column\">\n\t\t\t<div class=\"elementor-widget-wrap elementor-element-populated\">\n\t\t\t\t\t\t<div class=\"elementor-element elementor-element-462a3e1 elementor-widget elementor-widget-heading\" data-id=\"462a3e1\" data-element_type=\"widget\" data-widget_type=\"heading.default\">\n\t\t\t\t<div class=\"elementor-widget-container\">\n\t\t\t<h2 class=\"elementor-heading-title elementor-size-default\">Inledning<\/h2>\t\t<\/div>\n\t\t\t\t<\/div>\n\t\t\t\t<div class=\"elementor-element elementor-element-65341db elementor-widget elementor-widget-text-editor\" data-id=\"65341db\" data-element_type=\"widget\" data-widget_type=\"text-editor.default\">\n\t\t\t\t<div class=\"elementor-widget-container\">\n\t\t\t\t\t\t\t<p>Grundades 2017, Lightcare Pet \u00e4r ett kinesiskt h\u00f6gteknologiskt- f\u00f6retag som tillverkar h\u00f6gkvalitativa- terapiplattor med r\u00f6tt ljus f\u00f6r husdjur.<\/p><p>V\u00e5r fabrik t\u00e4cker en yta p\u00e5 cirka 5,000 kvadratmeter och har n\u00e4stan 110 anst\u00e4llda, inklusive 5 FoU-ingenj\u00f6rer och 10 QC-inspekt\u00f6rer, som ger kunderna innovativa m\u00f6nster och p\u00e5litliga kvalitetsprodukter f\u00f6r r\u00f6dljusterapi f\u00f6r husdjur.<\/p>\t\t\t\t\t\t<\/div>\n\t\t\t\t<\/div>\n\t\t\t\t\t<\/div>\n\t\t<\/div>\n\t\t\t\t\t<\/div>\n\t\t<\/section>\n\t\t\t\t<section class=\"elementor-section elementor-top-section elementor-element elementor-element-f80bb1f elementor-section-content-middle elementor-section-boxed elementor-section-height-default elementor-section-height-default\" data-id=\"f80bb1f\" data-element_type=\"section\">\n\t\t\t\t\t\t<div class=\"elementor-container elementor-column-gap-default\">\n\t\t\t\t\t<div class=\"elementor-column elementor-col-50 elementor-top-column elementor-element elementor-element-3233850\" data-id=\"3233850\" data-element_type=\"column\">\n\t\t\t<div class=\"elementor-widget-wrap elementor-element-populated\">\n\t\t\t\t\t\t<div class=\"elementor-element elementor-element-e96565e elementor-widget elementor-widget-heading\" data-id=\"e96565e\" data-element_type=\"widget\" data-widget_type=\"heading.default\">\n\t\t\t\t<div class=\"elementor-widget-container\">\n\t\t\t<h2 class=\"elementor-heading-title elementor-size-default\">Certifieringar<\/h2>\t\t<\/div>\n\t\t\t\t<\/div>\n\t\t\t\t<div class=\"elementor-element elementor-element-7dfe161 elementor-widget elementor-widget-text-editor\" data-id=\"7dfe161\" data-element_type=\"widget\" data-widget_type=\"text-editor.default\">\n\t\t\t\t<div class=\"elementor-widget-container\">\n\t\t\t\t\t\t\t<p>V\u00e5ra r\u00f6da ljuskuddar har f\u00e5tt internationella auktoritativa certifieringar som ROHS, CE EMC, FCC, ELT, FDA, och patent. Det l\u00e5ter dig enkelt importera produkter fr\u00e5n Kina och tullklarering. Dessa \u00e4r bara n\u00e5gra av v\u00e5ra 50+ certifieringar, som vittnar om att vi bara levererar kvalitetsprodukter.\u00a0<\/p><p>Vi anv\u00e4nder utm\u00e4rkta r\u00e5varor f\u00f6r att f\u00e5 v\u00e5ra produkter att fungera under hela livstiden. Alla r\u00f6dljusplattor inspekteras noggrant med olika tester, defektfrekvensen \u00e4r mindre \u00e4n 0.2%, och har komplett service.\u00a0<span style=\"background-color: var(--ast-global-color-4); color: var(--ast-global-color-3); font-size: 1rem;\">Detta hj\u00e4lper oss att minska efter-f\u00f6rs\u00e4ljningen.<\/span><\/p>\t\t\t\t\t\t<\/div>\n\t\t\t\t<\/div>\n\t\t\t\t\t<\/div>\n\t\t<\/div>\n\t\t\t\t<div class=\"elementor-column elementor-col-50 elementor-top-column elementor-element elementor-element-fe39c62\" data-id=\"fe39c62\" data-element_type=\"column\">\n\t\t\t<div class=\"elementor-widget-wrap elementor-element-populated\">\n\t\t\t\t\t\t<div class=\"elementor-element elementor-element-0ed14bf elementor-widget elementor-widget-image\" data-id=\"0ed14bf\" data-element_type=\"widget\" data-widget_type=\"image.default\">\n\t\t\t\t<div class=\"elementor-widget-container\">\n\t\t\t\t\t\t\t\t\t\t<figure class=\"wp-caption\">\n\t\t\t\t\t\t\t\t\t\t<img decoding=\"async\" width=\"600\" height=\"399\" src=\"https:\/\/lighttherapypet.com\/wp-content\/uploads\/2023\/11\/Lightcare-Pet-product-certificates.jpg\" class=\"attachment-large size-large wp-image-867\" alt=\"Lightcare Pet produktcertifikat\" srcset=\"https:\/\/lighttherapypet.com\/wp-content\/uploads\/2023\/11\/Lightcare-Pet-product-certificates.jpg 600w, https:\/\/lighttherapypet.com\/wp-content\/uploads\/2023\/11\/Lightcare-Pet-product-certificates-300x200.jpg 300w\" sizes=\"(max-width: 600px) 100vw, 600px\" title=\"\">\t\t\t\t\t\t\t\t\t\t\t<figcaption class=\"widget-image-caption wp-caption-text\">Lightcare Pet produktcertifikat<\/figcaption>\n\t\t\t\t\t\t\t\t\t\t<\/figure>\n\t\t\t\t\t\t\t<\/div>\n\t\t\t\t<\/div>\n\t\t\t\t\t<\/div>\n\t\t<\/div>\n\t\t\t\t\t<\/div>\n\t\t<\/section>\n\t\t\t\t<section class=\"elementor-section elementor-top-section elementor-element elementor-element-0c89f4a elementor-section-content-middle elementor-section-boxed elementor-section-height-default elementor-section-height-default\" data-id=\"0c89f4a\" data-element_type=\"section\">\n\t\t\t\t\t\t<div class=\"elementor-container elementor-column-gap-default\">\n\t\t\t\t\t<div class=\"elementor-column elementor-col-50 elementor-top-column elementor-element elementor-element-f8eefa6\" data-id=\"f8eefa6\" data-element_type=\"column\">\n\t\t\t<div class=\"elementor-widget-wrap elementor-element-populated\">\n\t\t\t\t\t\t<div class=\"elementor-element elementor-element-e785302 elementor-widget elementor-widget-image\" data-id=\"e785302\" data-element_type=\"widget\" data-widget_type=\"image.default\">\n\t\t\t\t<div class=\"elementor-widget-container\">\n\t\t\t\t\t\t\t\t\t\t<figure class=\"wp-caption\">\n\t\t\t\t\t\t\t\t\t\t<img decoding=\"async\" width=\"600\" height=\"428\" src=\"https:\/\/lighttherapypet.com\/wp-content\/uploads\/2023\/11\/Lightcare-Pet-Products.jpg\" class=\"attachment-large size-large wp-image-868\" alt=\"Lightcare Pet Produkter\" srcset=\"https:\/\/lighttherapypet.com\/wp-content\/uploads\/2023\/11\/Lightcare-Pet-Products.jpg 600w, https:\/\/lighttherapypet.com\/wp-content\/uploads\/2023\/11\/Lightcare-Pet-Products-300x214.jpg 300w\" sizes=\"(max-width: 600px) 100vw, 600px\" title=\"\">\t\t\t\t\t\t\t\t\t\t\t<figcaption class=\"widget-image-caption wp-caption-text\">Lightcare Pet Produkter<\/figcaption>\n\t\t\t\t\t\t\t\t\t\t<\/figure>\n\t\t\t\t\t\t\t<\/div>\n\t\t\t\t<\/div>\n\t\t\t\t\t<\/div>\n\t\t<\/div>\n\t\t\t\t<div class=\"elementor-column elementor-col-50 elementor-top-column elementor-element elementor-element-2174e87\" data-id=\"2174e87\" data-element_type=\"column\">\n\t\t\t<div class=\"elementor-widget-wrap elementor-element-populated\">\n\t\t\t\t\t\t<div class=\"elementor-element elementor-element-102a85a elementor-widget elementor-widget-heading\" data-id=\"102a85a\" data-element_type=\"widget\" data-widget_type=\"heading.default\">\n\t\t\t\t<div class=\"elementor-widget-container\">\n\t\t\t<h2 class=\"elementor-heading-title elementor-size-default\">Produkter<\/h2>\t\t<\/div>\n\t\t\t\t<\/div>\n\t\t\t\t<div class=\"elementor-element elementor-element-1d19e85 elementor-widget elementor-widget-text-editor\" data-id=\"1d19e85\" data-element_type=\"widget\" data-widget_type=\"text-editor.default\">\n\t\t\t\t<div class=\"elementor-widget-container\">\n\t\t\t\t\t\t\t<p>Vi har utvecklat mer \u00e4n 50 produkter f\u00f6r behandling av husdjur med r\u00f6tt ljus. F\u00f6r n\u00e4rvarande, finns det fr\u00e4mst produkter f\u00f6r behandling av huvud, rygg, och f\u00f6tter hos hundar och h\u00e4star.<\/p><p>Nu har den exporterats till USA, Australien, Japan, Tyskland, och andra 20 l\u00e4nder. Den \u00e5rliga f\u00f6rs\u00e4ljningsvolymen \u00f6kar med mer \u00e4n 30% och marknadsandelen forts\u00e4tter ocks\u00e5 att \u00f6ka.<\/p><p>Vi samarbetar nu med m\u00e5nga utl\u00e4ndska f\u00f6retag, inklusive Amazon och Shopify varum\u00e4rken f\u00f6r husdjur, YouTube och TikTok KOL, samt djurkliniker.<\/p>\t\t\t\t\t\t<\/div>\n\t\t\t\t<\/div>\n\t\t\t\t\t<\/div>\n\t\t<\/div>\n\t\t\t\t\t<\/div>\n\t\t<\/section>\n\t\t\t\t<section class=\"elementor-section elementor-top-section elementor-element elementor-element-769ea9f elementor-section-content-middle elementor-section-boxed elementor-section-height-default elementor-section-height-default\" data-id=\"769ea9f\" data-element_type=\"section\">\n\t\t\t\t\t\t<div class=\"elementor-container elementor-column-gap-default\">\n\t\t\t\t\t<div class=\"elementor-column elementor-col-50 elementor-top-column elementor-element elementor-element-603ff2a\" data-id=\"603ff2a\" data-element_type=\"column\">\n\t\t\t<div class=\"elementor-widget-wrap elementor-element-populated\">\n\t\t\t\t\t\t<div class=\"elementor-element elementor-element-f4524b2 elementor-widget elementor-widget-heading\" data-id=\"f4524b2\" data-element_type=\"widget\" data-widget_type=\"heading.default\">\n\t\t\t\t<div class=\"elementor-widget-container\">\n\t\t\t<h2 class=\"elementor-heading-title elementor-size-default\">Tj\u00e4nster<\/h2>\t\t<\/div>\n\t\t\t\t<\/div>\n\t\t\t\t<div class=\"elementor-element elementor-element-b713344 elementor-widget elementor-widget-text-editor\" data-id=\"b713344\" data-element_type=\"widget\" data-widget_type=\"text-editor.default\">\n\t\t\t\t<div class=\"elementor-widget-container\">\n\t\t\t\t\t\t\t<p>V\u00e5rt \u00e5tagande att leverera produkter som motsvarar marknadens efterfr\u00e5gan, konsument-liknande, och stabil kvalitet skiljer oss fr\u00e5n konkurrenterna.\u00a0<\/p><p><span style=\"font-style: inherit; font-weight: inherit; background-color: var(--ast-global-color-4); color: var(--ast-global-color-3);\">Oavsett om du beh\u00f6ver standardprodukter eller ODM f\u00f6r ditt varum\u00e4rke, anpassad logotyp, och f\u00f6rpackning, \u00e4r v\u00e5rt kunniga team redo att hj\u00e4lpa dig varje steg p\u00e5 v\u00e4gen. <\/span><\/p><p><span style=\"font-style: inherit; font-weight: inherit; background-color: var(--ast-global-color-4); color: var(--ast-global-color-3);\">Vi \u00e4r stolta \u00f6ver att kunna erbjuda enast\u00e5ende kundservice, snabb leverans, och konkurrenskraftiga priser.<\/span><\/p>\t\t\t\t\t\t<\/div>\n\t\t\t\t<\/div>\n\t\t\t\t\t<\/div>\n\t\t<\/div>\n\t\t\t\t<div class=\"elementor-column elementor-col-50 elementor-top-column elementor-element elementor-element-3411cd5\" data-id=\"3411cd5\" data-element_type=\"column\">\n\t\t\t<div class=\"elementor-widget-wrap elementor-element-populated\">\n\t\t\t\t\t\t<div class=\"elementor-element elementor-element-02961ba elementor-widget elementor-widget-image\" data-id=\"02961ba\" data-element_type=\"widget\" data-widget_type=\"image.default\">\n\t\t\t\t<div class=\"elementor-widget-container\">\n\t\t\t\t\t\t\t\t\t\t<figure class=\"wp-caption\">\n\t\t\t\t\t\t\t\t\t\t<img loading=\"lazy\" decoding=\"async\" width=\"600\" height=\"431\" src=\"https:\/\/lighttherapypet.com\/wp-content\/uploads\/2023\/11\/Lightcare-office.jpg\" class=\"attachment-large size-large wp-image-873\" alt=\"Lightcare Pet kontor\" srcset=\"https:\/\/lighttherapypet.com\/wp-content\/uploads\/2023\/11\/Lightcare-office.jpg 600w, https:\/\/lighttherapypet.com\/wp-content\/uploads\/2023\/11\/Lightcare-office-300x216.jpg 300w\" sizes=\"(max-width: 600px) 100vw, 600px\" title=\"\">\t\t\t\t\t\t\t\t\t\t\t<figcaption class=\"widget-image-caption wp-caption-text\">Lightcare Pet kontor<\/figcaption>\n\t\t\t\t\t\t\t\t\t\t<\/figure>\n\t\t\t\t\t\t\t<\/div>\n\t\t\t\t<\/div>\n\t\t\t\t\t<\/div>\n\t\t<\/div>\n\t\t\t\t\t<\/div>\n\t\t<\/section>\n\t\t\t\t<section class=\"elementor-section elementor-top-section elementor-element elementor-element-9dfbcd1 elementor-section-boxed elementor-section-height-default elementor-section-height-default\" data-id=\"9dfbcd1\" data-element_type=\"section\">\n\t\t\t\t\t\t<div class=\"elementor-container elementor-column-gap-default\">\n\t\t\t\t\t<div class=\"elementor-column elementor-col-100 elementor-top-column elementor-element elementor-element-599da49\" data-id=\"599da49\" data-element_type=\"column\">\n\t\t\t<div class=\"elementor-widget-wrap elementor-element-populated\">\n\t\t\t\t\t\t<div class=\"elementor-element elementor-element-cb08d6d elementor-widget elementor-widget-image-box\" data-id=\"cb08d6d\" data-element_type=\"widget\" data-widget_type=\"image-box.default\">\n\t\t\t\t<div class=\"elementor-widget-container\">\n\t\t\t<div class=\"elementor-image-box-wrapper\"><div class=\"elementor-image-box-content\"><h2 class=\"elementor-image-box-title\">Hur f\u00e5r jag produktkatalog och prislista?<\/h2><p class=\"elementor-image-box-description\">Fyll bara i kontaktformul\u00e4ret och skicka det till oss, vi kommer att svara e-post till dig inom 24 timmar. S\u00e5, l\u00e5t oss skriva nu\uff01<\/p><\/div><\/div>\t\t<\/div>\n\t\t\t\t<\/div>\n\t\t\t\t<div class=\"elementor-element elementor-element-e14244a elementor-widget elementor-widget-wpforms\" data-id=\"e14244a\" data-element_type=\"widget\" data-widget_type=\"wpforms.default\">\n\t\t\t\t<div class=\"elementor-widget-container\">\n\t\t\t<div class=\"wpforms-container\" id=\"wpforms-982\"><form id=\"wpforms-form-982\" class=\"wpforms-validate wpforms-form wpforms-ajax-form\" data-formid=\"982\" method=\"post\" enctype=\"multipart\/form-data\" action=\"\/sv\/wp-json\/wp\/v2\/pages\/660\" data-token=\"3f9ebe28bb6e4449f528f43a54010b07\" data-token-time=\"1776282165\" data-trp-original-action=\"\/sv\/wp-json\/wp\/v2\/pages\/660\"><noscript class=\"wpforms-error-noscript\">Aktivera JavaScript i din webbl\u00e4sare f\u00f6r att slutf\u00f6ra detta formul\u00e4r.<\/noscript><div class=\"wpforms-field-container\"><div id=\"wpforms-982-field_3-container\" class=\"wpforms-field wpforms-field-textarea\" data-field-id=\"3\"><label class=\"wpforms-field-label\" for=\"wpforms-982-field_3\">Beg\u00e4ran <span class=\"wpforms-required-label\">*<\/span><\/label><textarea id=\"wpforms-982-field_3\" class=\"wpforms-field-medium wpforms-field-required\" name=\"wpforms[fields][3]\" placeholder=\"Ange produktmodell och antal, eller din logotypfil f\u00f6r anpassning.\" required><\/textarea><\/div><div id=\"wpforms-982-field_2-container\" class=\"wpforms-field wpforms-field-name\" data-field-id=\"2\"><label class=\"wpforms-field-label\" for=\"wpforms-982-field_2\">Namn <span class=\"wpforms-required-label\">*<\/span><\/label><input type=\"text\" id=\"wpforms-982-field_2\" class=\"wpforms-field-large wpforms-field-required\" name=\"wpforms[fields][2]\" placeholder=\"Ditt namn\" required><\/div><div id=\"wpforms-982-field_5-container\" class=\"wpforms-field wpforms-field-email\" data-field-id=\"5\"><label class=\"wpforms-field-label\" for=\"wpforms-982-field_5\">E-post <span class=\"wpforms-required-label\">*<\/span><\/label><input type=\"email\" id=\"wpforms-982-field_5\" class=\"wpforms-field-large wpforms-field-required\" name=\"wpforms[fields][5]\" placeholder=\"din@email.com\" spellcheck=\"false\" required><div class=\"wpforms-field-description\">Vi kommer att svara dig via e-post, v\u00e4nligen fyll i korrekt.<\/div><\/div><div id=\"wpforms-982-field_6-container\" class=\"wpforms-field wpforms-field-phone\" data-field-id=\"6\"><label class=\"wpforms-field-label\" for=\"wpforms-982-field_6\">Telefon eller WhatsApp<\/label><input type=\"tel\" id=\"wpforms-982-field_6\" class=\"wpforms-field-large wpforms-smart-phone-field\" data-rule-smart-phone-field=\"true\" name=\"wpforms[fields][6]\" placeholder=\"Dina siffror\" aria-label=\"Telefon eller WhatsApp\" ><\/div><\/div><!-- .wpforms-field-container --><div class=\"wpforms-submit-container\" ><input type=\"hidden\" name=\"wpforms[id]\" value=\"982\"><input type=\"hidden\" name=\"page_title\" value=\"\"><input type=\"hidden\" name=\"page_url\" value=\"https:\/\/lighttherapypet.com\/sv\/wp-json\/wp\/v2\/pages\/660\"><input type=\"hidden\" name=\"url_referer\" value=\"\"><button type=\"submit\" name=\"wpforms[submit]\" id=\"wpforms-submit-982\" class=\"wpforms-submit\" data-alt-text=\"Sending...\" data-submit-text=\"Submit\" aria-live=\"assertive\" value=\"wpforms-submit\">Skicka in<\/button><img loading=\"lazy\" decoding=\"async\" src=\"https:\/\/lighttherapypet.com\/wp-content\/plugins\/wpforms\/assets\/images\/submit-spin.svg\" class=\"wpforms-submit-spinner\" style=\"display: none;\" width=\"26\" height=\"26\" alt=\"Laddar\" title=\"\"><\/div><input type=\"hidden\" name=\"trp-form-language\" value=\"sv\"\/><\/form><\/div>  <!-- .wpforms-container -->\t\t<\/div>\n\t\t\t\t<\/div>\n\t\t\t\t\t<\/div>\n\t\t<\/div>\n\t\t\t\t\t<\/div>\n\t\t<\/section>\n\t\t\t\t<\/div>","protected":false},"excerpt":{"rendered":"<p>Om Lightcare Pet Lightcare Pet Factory Introduction Grundades 2017, Lightcare Pet \u00e4r Kina high-tech-f\u00f6retag i [...]].<\/p>","protected":false},"author":1,"featured_media":0,"parent":0,"menu_order":0,"comment_status":"closed","ping_status":"closed","template":"","meta":{"site-sidebar-layout":"no-sidebar","site-content-layout":"page-builder","ast-site-content-layout":"full-width-container","site-content-style":"unboxed","site-sidebar-style":"unboxed","ast-global-header-display":"","ast-banner-title-visibility":"","ast-main-header-display":"","ast-hfb-above-header-display":"","ast-hfb-below-header-display":"","ast-hfb-mobile-header-display":"","site-post-title":"disabled","ast-breadcrumbs-content":"","ast-featured-img":"disabled","footer-sml-layout":"","theme-transparent-header-meta":"default","adv-header-id-meta":"","stick-header-meta":"default","header-above-stick-meta":"","header-main-stick-meta":"","header-below-stick-meta":"","astra-migrate-meta-layouts":"set","ast-page-background-enabled":"default","ast-page-background-meta":{"desktop":{"background-color":"","background-image":"","background-repeat":"repeat","background-position":"center center","background-size":"auto","background-attachment":"scroll","background-type":"","background-media":"","overlay-type":"","overlay-color":"","overlay-gradient":""},"tablet":{"background-color":"","background-image":"","background-repeat":"repeat","background-position":"center center","background-size":"auto","background-attachment":"scroll","background-type":"","background-media":"","overlay-type":"","overlay-color":"","overlay-gradient":""},"mobile":{"background-color":"","background-image":"","background-repeat":"repeat","background-position":"center center","background-size":"auto","background-attachment":"scroll","background-type":"","background-media":"","overlay-type":"","overlay-color":"","overlay-gradient":""}},"ast-content-background-meta":{"desktop":{"background-color":"var(--ast-global-color-5)","background-image":"","background-repeat":"repeat","background-position":"center center","background-size":"auto","background-attachment":"scroll","background-type":"","background-media":"","overlay-type":"","overlay-color":"","overlay-gradient":""},"tablet":{"background-color":"var(--ast-global-color-5)","background-image":"","background-repeat":"repeat","background-position":"center center","background-size":"auto","background-attachment":"scroll","background-type":"","background-media":"","overlay-type":"","overlay-color":"","overlay-gradient":""},"mobile":{"background-color":"var(--ast-global-color-5)","background-image":"","background-repeat":"repeat","background-position":"center center","background-size":"auto","background-attachment":"scroll","background-type":"","background-media":"","overlay-type":"","overlay-color":"","overlay-gradient":""}},"footnotes":""},"class_list":["post-660","page","type-page","status-publish","hentry"],"_links":{"self":[{"href":"https:\/\/lighttherapypet.com\/sv\/wp-json\/wp\/v2\/pages\/660","targetHints":{"allow":["GET"]}}],"collection":[{"href":"https:\/\/lighttherapypet.com\/sv\/wp-json\/wp\/v2\/pages"}],"about":[{"href":"https:\/\/lighttherapypet.com\/sv\/wp-json\/wp\/v2\/types\/page"}],"author":[{"embeddable":true,"href":"https:\/\/lighttherapypet.com\/sv\/wp-json\/wp\/v2\/users\/1"}],"replies":[{"embeddable":true,"href":"https:\/\/lighttherapypet.com\/sv\/wp-json\/wp\/v2\/comments?post=660"}],"version-history":[{"count":0,"href":"https:\/\/lighttherapypet.com\/sv\/wp-json\/wp\/v2\/pages\/660\/revisions"}],"wp:attachment":[{"href":"https:\/\/lighttherapypet.com\/sv\/wp-json\/wp\/v2\/media?parent=660"}],"curies":[{"name":"wp","href":"https:\/\/api.w.org\/{rel}","templated":true}]}}