{"id":660,"date":"2019-07-02T05:11:45","date_gmt":"2019-07-02T05:11:45","guid":{"rendered":"https:\/\/lighttherapypet.com\/about-us\/"},"modified":"2023-12-01T09:33:27","modified_gmt":"2023-12-01T09:33:27","slug":"about-us","status":"publish","type":"page","link":"https:\/\/lighttherapypet.com\/ro\/about-us\/","title":{"rendered":"Despre noi"},"content":{"rendered":"<div data-elementor-type=\"wp-post\" data-elementor-id=\"660\" class=\"elementor elementor-660\" data-elementor-post-type=\"page\">\n\t\t\t\t\t\t<section class=\"elementor-section elementor-top-section elementor-element elementor-element-6c8dc32 elementor-section-content-middle elementor-section-boxed elementor-section-height-default elementor-section-height-default\" data-id=\"6c8dc32\" data-element_type=\"section\">\n\t\t\t\t\t\t<div class=\"elementor-container elementor-column-gap-no\">\n\t\t\t\t\t<div class=\"elementor-column elementor-col-100 elementor-top-column elementor-element elementor-element-62d28d8\" data-id=\"62d28d8\" data-element_type=\"column\">\n\t\t\t<div class=\"elementor-widget-wrap elementor-element-populated\">\n\t\t\t\t\t\t<div class=\"elementor-element elementor-element-83531f4 elementor-widget elementor-widget-heading\" data-id=\"83531f4\" data-element_type=\"widget\" data-widget_type=\"heading.default\">\n\t\t\t\t<div class=\"elementor-widget-container\">\n\t\t\t<h1 class=\"elementor-heading-title elementor-size-default\">Despre Lightcare Pet<\/h1>\t\t<\/div>\n\t\t\t\t<\/div>\n\t\t\t\t\t<\/div>\n\t\t<\/div>\n\t\t\t\t\t<\/div>\n\t\t<\/section>\n\t\t\t\t<section class=\"elementor-section elementor-top-section elementor-element elementor-element-479cf47 elementor-section-content-middle elementor-section-boxed elementor-section-height-default elementor-section-height-default\" data-id=\"479cf47\" data-element_type=\"section\">\n\t\t\t\t\t\t<div class=\"elementor-container elementor-column-gap-no\">\n\t\t\t\t\t<div class=\"elementor-column elementor-col-50 elementor-top-column elementor-element elementor-element-c403481\" data-id=\"c403481\" data-element_type=\"column\">\n\t\t\t<div class=\"elementor-widget-wrap elementor-element-populated\">\n\t\t\t\t\t\t<div class=\"elementor-element elementor-element-b30166d elementor-widget elementor-widget-image\" data-id=\"b30166d\" data-element_type=\"widget\" data-widget_type=\"image.default\">\n\t\t\t\t<div class=\"elementor-widget-container\">\n\t\t\t\t\t\t\t\t\t\t<figure class=\"wp-caption\">\n\t\t\t\t\t\t\t\t\t\t<img fetchpriority=\"high\" decoding=\"async\" width=\"600\" height=\"400\" src=\"https:\/\/lighttherapypet.com\/wp-content\/uploads\/2023\/11\/Lightcare-Pet-Factory.jpg\" class=\"attachment-large size-large wp-image-862\" alt=\"Fabrica Lightcare Pet\" srcset=\"https:\/\/lighttherapypet.com\/wp-content\/uploads\/2023\/11\/Lightcare-Pet-Factory.jpg 600w, https:\/\/lighttherapypet.com\/wp-content\/uploads\/2023\/11\/Lightcare-Pet-Factory-300x200.jpg 300w\" sizes=\"(max-width: 600px) 100vw, 600px\" title=\"\">\t\t\t\t\t\t\t\t\t\t\t<figcaption class=\"widget-image-caption wp-caption-text\">Fabrica Lightcare Pet<\/figcaption>\n\t\t\t\t\t\t\t\t\t\t<\/figure>\n\t\t\t\t\t\t\t<\/div>\n\t\t\t\t<\/div>\n\t\t\t\t\t<\/div>\n\t\t<\/div>\n\t\t\t\t<div class=\"elementor-column elementor-col-50 elementor-top-column elementor-element elementor-element-fbb64ca\" data-id=\"fbb64ca\" data-element_type=\"column\">\n\t\t\t<div class=\"elementor-widget-wrap elementor-element-populated\">\n\t\t\t\t\t\t<div class=\"elementor-element elementor-element-462a3e1 elementor-widget elementor-widget-heading\" data-id=\"462a3e1\" data-element_type=\"widget\" data-widget_type=\"heading.default\">\n\t\t\t\t<div class=\"elementor-widget-container\">\n\t\t\t<h2 class=\"elementor-heading-title elementor-size-default\">Introducere<\/h2>\t\t<\/div>\n\t\t\t\t<\/div>\n\t\t\t\t<div class=\"elementor-element elementor-element-65341db elementor-widget elementor-widget-text-editor\" data-id=\"65341db\" data-element_type=\"widget\" data-widget_type=\"text-editor.default\">\n\t\t\t\t<div class=\"elementor-widget-container\">\n\t\t\t\t\t\t\t<p>\u00cenfiin\u021bat\u0103 \u00een 2017, Lightcare Pet este o \u00eentreprindere chinez\u0103 high-tech \u00een fabricarea de tampoane de terapie cu lumin\u0103 ro\u0219ie de \u00eenalt\u0103 calitate pentru animale de companie.<\/p><p>Fabrica noastr\u0103 acoper\u0103 o suprafa\u021b\u0103 de aproximativ 5,000 de metri p\u0103tra\u021bi \u0219i are aproape 110 angaja\u021bi,, inclusiv 5 ingineri de cercetare \u0219i dezvoltare \u0219i 10 inspectori QC, care ofer\u0103 clien\u021bilor modele inovatoare \u0219i produse de terapie cu lumin\u0103 ro\u0219ie de calitate fiabil\u0103 pentru animale de companie.<\/p>\t\t\t\t\t\t<\/div>\n\t\t\t\t<\/div>\n\t\t\t\t\t<\/div>\n\t\t<\/div>\n\t\t\t\t\t<\/div>\n\t\t<\/section>\n\t\t\t\t<section class=\"elementor-section elementor-top-section elementor-element elementor-element-f80bb1f elementor-section-content-middle elementor-section-boxed elementor-section-height-default elementor-section-height-default\" data-id=\"f80bb1f\" data-element_type=\"section\">\n\t\t\t\t\t\t<div class=\"elementor-container elementor-column-gap-default\">\n\t\t\t\t\t<div class=\"elementor-column elementor-col-50 elementor-top-column elementor-element elementor-element-3233850\" data-id=\"3233850\" data-element_type=\"column\">\n\t\t\t<div class=\"elementor-widget-wrap elementor-element-populated\">\n\t\t\t\t\t\t<div class=\"elementor-element elementor-element-e96565e elementor-widget elementor-widget-heading\" data-id=\"e96565e\" data-element_type=\"widget\" data-widget_type=\"heading.default\">\n\t\t\t\t<div class=\"elementor-widget-container\">\n\t\t\t<h2 class=\"elementor-heading-title elementor-size-default\">Certific\u0103ri<\/h2>\t\t<\/div>\n\t\t\t\t<\/div>\n\t\t\t\t<div class=\"elementor-element elementor-element-7dfe161 elementor-widget elementor-widget-text-editor\" data-id=\"7dfe161\" data-element_type=\"widget\" data-widget_type=\"text-editor.default\">\n\t\t\t\t<div class=\"elementor-widget-container\">\n\t\t\t\t\t\t\t<p>Pl\u0103cu\u021bele noastre de lumin\u0103 ro\u0219ie au ob\u021binut certific\u0103ri interna\u021bionale de autoritate, cum ar fi ROHS, CE EMC, FCC, ELT, FDA, \u0219i brevete. V\u0103 permite s\u0103 importa\u021bi cu u\u0219urin\u021b\u0103 produse din China \u0219i v\u0103muire. Acestea sunt doar c\u00e2teva dintre cele 50+ certific\u0103ri, care atest\u0103 faptul c\u0103 livr\u0103m numai produse de calitate.\u00a0<\/p><p>Folosim materii prime excelente pentru a face ca produsele noastre s\u0103 func\u021bioneze pentru o via\u021b\u0103 \u00eentreag\u0103. Toate pl\u0103cu\u021bele de lumin\u0103 ro\u0219ie sunt inspectate temeinic folosind diferite teste, rata de defect este mai mic\u0103 de 0.2%, \u0219i au servicii complete.\u00a0<span style=\"background-color: var(--ast-global-color-4); color: var(--ast-global-color-3); font-size: 1rem;\">Acest lucru ne ajut\u0103 s\u0103 reducem ratele post-v\u00e2nzare-.<\/span><\/p>\t\t\t\t\t\t<\/div>\n\t\t\t\t<\/div>\n\t\t\t\t\t<\/div>\n\t\t<\/div>\n\t\t\t\t<div class=\"elementor-column elementor-col-50 elementor-top-column elementor-element elementor-element-fe39c62\" data-id=\"fe39c62\" data-element_type=\"column\">\n\t\t\t<div class=\"elementor-widget-wrap elementor-element-populated\">\n\t\t\t\t\t\t<div class=\"elementor-element elementor-element-0ed14bf elementor-widget elementor-widget-image\" data-id=\"0ed14bf\" data-element_type=\"widget\" data-widget_type=\"image.default\">\n\t\t\t\t<div class=\"elementor-widget-container\">\n\t\t\t\t\t\t\t\t\t\t<figure class=\"wp-caption\">\n\t\t\t\t\t\t\t\t\t\t<img decoding=\"async\" width=\"600\" height=\"399\" src=\"https:\/\/lighttherapypet.com\/wp-content\/uploads\/2023\/11\/Lightcare-Pet-product-certificates.jpg\" class=\"attachment-large size-large wp-image-867\" alt=\"Certificate de produs Lightcare Pet\" srcset=\"https:\/\/lighttherapypet.com\/wp-content\/uploads\/2023\/11\/Lightcare-Pet-product-certificates.jpg 600w, https:\/\/lighttherapypet.com\/wp-content\/uploads\/2023\/11\/Lightcare-Pet-product-certificates-300x200.jpg 300w\" sizes=\"(max-width: 600px) 100vw, 600px\" title=\"\">\t\t\t\t\t\t\t\t\t\t\t<figcaption class=\"widget-image-caption wp-caption-text\">Certificate de produs Lightcare Pet<\/figcaption>\n\t\t\t\t\t\t\t\t\t\t<\/figure>\n\t\t\t\t\t\t\t<\/div>\n\t\t\t\t<\/div>\n\t\t\t\t\t<\/div>\n\t\t<\/div>\n\t\t\t\t\t<\/div>\n\t\t<\/section>\n\t\t\t\t<section class=\"elementor-section elementor-top-section elementor-element elementor-element-0c89f4a elementor-section-content-middle elementor-section-boxed elementor-section-height-default elementor-section-height-default\" data-id=\"0c89f4a\" data-element_type=\"section\">\n\t\t\t\t\t\t<div class=\"elementor-container elementor-column-gap-default\">\n\t\t\t\t\t<div class=\"elementor-column elementor-col-50 elementor-top-column elementor-element elementor-element-f8eefa6\" data-id=\"f8eefa6\" data-element_type=\"column\">\n\t\t\t<div class=\"elementor-widget-wrap elementor-element-populated\">\n\t\t\t\t\t\t<div class=\"elementor-element elementor-element-e785302 elementor-widget elementor-widget-image\" data-id=\"e785302\" data-element_type=\"widget\" data-widget_type=\"image.default\">\n\t\t\t\t<div class=\"elementor-widget-container\">\n\t\t\t\t\t\t\t\t\t\t<figure class=\"wp-caption\">\n\t\t\t\t\t\t\t\t\t\t<img decoding=\"async\" width=\"600\" height=\"428\" src=\"https:\/\/lighttherapypet.com\/wp-content\/uploads\/2023\/11\/Lightcare-Pet-Products.jpg\" class=\"attachment-large size-large wp-image-868\" alt=\"Produse Lightcare Pet\" srcset=\"https:\/\/lighttherapypet.com\/wp-content\/uploads\/2023\/11\/Lightcare-Pet-Products.jpg 600w, https:\/\/lighttherapypet.com\/wp-content\/uploads\/2023\/11\/Lightcare-Pet-Products-300x214.jpg 300w\" sizes=\"(max-width: 600px) 100vw, 600px\" title=\"\">\t\t\t\t\t\t\t\t\t\t\t<figcaption class=\"widget-image-caption wp-caption-text\">Produse Lightcare Pet<\/figcaption>\n\t\t\t\t\t\t\t\t\t\t<\/figure>\n\t\t\t\t\t\t\t<\/div>\n\t\t\t\t<\/div>\n\t\t\t\t\t<\/div>\n\t\t<\/div>\n\t\t\t\t<div class=\"elementor-column elementor-col-50 elementor-top-column elementor-element elementor-element-2174e87\" data-id=\"2174e87\" data-element_type=\"column\">\n\t\t\t<div class=\"elementor-widget-wrap elementor-element-populated\">\n\t\t\t\t\t\t<div class=\"elementor-element elementor-element-102a85a elementor-widget elementor-widget-heading\" data-id=\"102a85a\" data-element_type=\"widget\" data-widget_type=\"heading.default\">\n\t\t\t\t<div class=\"elementor-widget-container\">\n\t\t\t<h2 class=\"elementor-heading-title elementor-size-default\">Produse<\/h2>\t\t<\/div>\n\t\t\t\t<\/div>\n\t\t\t\t<div class=\"elementor-element elementor-element-1d19e85 elementor-widget elementor-widget-text-editor\" data-id=\"1d19e85\" data-element_type=\"widget\" data-widget_type=\"text-editor.default\">\n\t\t\t\t<div class=\"elementor-widget-container\">\n\t\t\t\t\t\t\t<p>Am dezvoltat mai mult de 50 de produse terapeutice cu lumin\u0103 ro\u0219ie pentru tratarea animalelor de companie. \u00cen prezent, exist\u0103 \u00een principal tampoane de lumin\u0103 ro\u0219ie utilizate pentru a trata capul, spatele, \u0219i picioarele c\u00e2inilor \u0219i cailor.<\/p><p>Acum a fost exportat \u00een Statele Unite, Australia, Japonia, Germania, \u0219i alte 20 de \u021b\u0103ri. Volumul anual de v\u00e2nz\u0103ri cre\u0219te cu mai mult de 30% \u0219i cota de pia\u021b\u0103 continu\u0103 s\u0103 creasc\u0103 \u0219i ea.<\/p><p>Acum cooper\u0103m cu multe companii de peste m\u0103ri,, inclusiv Amazon \u0219i Shopify m\u0103rci de animale de companie, YouTube \u0219i TikTok KOL,, precum \u0219i clinici de animale de companie.<\/p>\t\t\t\t\t\t<\/div>\n\t\t\t\t<\/div>\n\t\t\t\t\t<\/div>\n\t\t<\/div>\n\t\t\t\t\t<\/div>\n\t\t<\/section>\n\t\t\t\t<section class=\"elementor-section elementor-top-section elementor-element elementor-element-769ea9f elementor-section-content-middle elementor-section-boxed elementor-section-height-default elementor-section-height-default\" data-id=\"769ea9f\" data-element_type=\"section\">\n\t\t\t\t\t\t<div class=\"elementor-container elementor-column-gap-default\">\n\t\t\t\t\t<div class=\"elementor-column elementor-col-50 elementor-top-column elementor-element elementor-element-603ff2a\" data-id=\"603ff2a\" data-element_type=\"column\">\n\t\t\t<div class=\"elementor-widget-wrap elementor-element-populated\">\n\t\t\t\t\t\t<div class=\"elementor-element elementor-element-f4524b2 elementor-widget elementor-widget-heading\" data-id=\"f4524b2\" data-element_type=\"widget\" data-widget_type=\"heading.default\">\n\t\t\t\t<div class=\"elementor-widget-container\">\n\t\t\t<h2 class=\"elementor-heading-title elementor-size-default\">Servicii<\/h2>\t\t<\/div>\n\t\t\t\t<\/div>\n\t\t\t\t<div class=\"elementor-element elementor-element-b713344 elementor-widget elementor-widget-text-editor\" data-id=\"b713344\" data-element_type=\"widget\" data-widget_type=\"text-editor.default\">\n\t\t\t\t<div class=\"elementor-widget-container\">\n\t\t\t\t\t\t\t<p>Angajamentul nostru de a livra produse cu cerere de pia\u021b\u0103, consumator-like, \u0219i calitate stabil\u0103 ne diferen\u021biaz\u0103 de concuren\u021b\u0103.\u00a0<\/p><p><span style=\"font-style: inherit; font-weight: inherit; background-color: var(--ast-global-color-4); color: var(--ast-global-color-3);\">Fie c\u0103 ave\u021bi nevoie de produse standard sau ODM marca dvs. de brand, logo personalizat, \u0219i ambalare, echipa noastr\u0103 bine informat\u0103 este gata s\u0103 v\u0103 ajute la fiecare pas din drum. <\/span><\/p><p><span style=\"font-style: inherit; font-weight: inherit; background-color: var(--ast-global-color-4); color: var(--ast-global-color-3);\">Ne m\u00e2ndrim cu furnizarea de servicii excep\u021bionale pentru clien\u021bi, livrare prompt\u0103, \u0219i pre\u021buri competitive.<\/span><\/p>\t\t\t\t\t\t<\/div>\n\t\t\t\t<\/div>\n\t\t\t\t\t<\/div>\n\t\t<\/div>\n\t\t\t\t<div class=\"elementor-column elementor-col-50 elementor-top-column elementor-element elementor-element-3411cd5\" data-id=\"3411cd5\" data-element_type=\"column\">\n\t\t\t<div class=\"elementor-widget-wrap elementor-element-populated\">\n\t\t\t\t\t\t<div class=\"elementor-element elementor-element-02961ba elementor-widget elementor-widget-image\" data-id=\"02961ba\" data-element_type=\"widget\" data-widget_type=\"image.default\">\n\t\t\t\t<div class=\"elementor-widget-container\">\n\t\t\t\t\t\t\t\t\t\t<figure class=\"wp-caption\">\n\t\t\t\t\t\t\t\t\t\t<img loading=\"lazy\" decoding=\"async\" width=\"600\" height=\"431\" src=\"https:\/\/lighttherapypet.com\/wp-content\/uploads\/2023\/11\/Lightcare-office.jpg\" class=\"attachment-large size-large wp-image-873\" alt=\"Biroul Lightcare Pet\" srcset=\"https:\/\/lighttherapypet.com\/wp-content\/uploads\/2023\/11\/Lightcare-office.jpg 600w, https:\/\/lighttherapypet.com\/wp-content\/uploads\/2023\/11\/Lightcare-office-300x216.jpg 300w\" sizes=\"(max-width: 600px) 100vw, 600px\" title=\"\">\t\t\t\t\t\t\t\t\t\t\t<figcaption class=\"widget-image-caption wp-caption-text\">Biroul Lightcare Pet<\/figcaption>\n\t\t\t\t\t\t\t\t\t\t<\/figure>\n\t\t\t\t\t\t\t<\/div>\n\t\t\t\t<\/div>\n\t\t\t\t\t<\/div>\n\t\t<\/div>\n\t\t\t\t\t<\/div>\n\t\t<\/section>\n\t\t\t\t<section class=\"elementor-section elementor-top-section elementor-element elementor-element-9dfbcd1 elementor-section-boxed elementor-section-height-default elementor-section-height-default\" data-id=\"9dfbcd1\" data-element_type=\"section\">\n\t\t\t\t\t\t<div class=\"elementor-container elementor-column-gap-default\">\n\t\t\t\t\t<div class=\"elementor-column elementor-col-100 elementor-top-column elementor-element elementor-element-599da49\" data-id=\"599da49\" data-element_type=\"column\">\n\t\t\t<div class=\"elementor-widget-wrap elementor-element-populated\">\n\t\t\t\t\t\t<div class=\"elementor-element elementor-element-cb08d6d elementor-widget elementor-widget-image-box\" data-id=\"cb08d6d\" data-element_type=\"widget\" data-widget_type=\"image-box.default\">\n\t\t\t\t<div class=\"elementor-widget-container\">\n\t\t\t<div class=\"elementor-image-box-wrapper\"><div class=\"elementor-image-box-content\"><h2 class=\"elementor-image-box-title\">Cum s\u0103 ob\u021bine\u021bi catalogul de produse \u0219i lista de pre\u021buri?<\/h2><p class=\"elementor-image-box-description\">Doar completa\u021bi formularul de contact \u0219i trimite\u021bi-l la noi, v\u0103 vom r\u0103spunde la e-mail \u00een termen de 24 ore. Deci, s\u0103 scriem acum\uff01<\/p><\/div><\/div>\t\t<\/div>\n\t\t\t\t<\/div>\n\t\t\t\t<div class=\"elementor-element elementor-element-e14244a elementor-widget elementor-widget-wpforms\" data-id=\"e14244a\" data-element_type=\"widget\" data-widget_type=\"wpforms.default\">\n\t\t\t\t<div class=\"elementor-widget-container\">\n\t\t\t<div class=\"wpforms-container\" id=\"wpforms-982\"><form id=\"wpforms-form-982\" class=\"wpforms-validate wpforms-form wpforms-ajax-form\" data-formid=\"982\" method=\"post\" enctype=\"multipart\/form-data\" action=\"\/ro\/wp-json\/wp\/v2\/pages\/660\" data-token=\"3f9ebe28bb6e4449f528f43a54010b07\" data-token-time=\"1776275475\" data-trp-original-action=\"\/ro\/wp-json\/wp\/v2\/pages\/660\"><noscript class=\"wpforms-error-noscript\">V\u0103 rug\u0103m s\u0103 activa\u021bi JavaScript \u00een browserul dvs. pentru a completa acest formular.<\/noscript><div class=\"wpforms-field-container\"><div id=\"wpforms-982-field_3-container\" class=\"wpforms-field wpforms-field-textarea\" data-field-id=\"3\"><label class=\"wpforms-field-label\" for=\"wpforms-982-field_3\">Cerere <span class=\"wpforms-required-label\">*<\/span><\/label><textarea id=\"wpforms-982-field_3\" class=\"wpforms-field-medium wpforms-field-required\" name=\"wpforms[fields][3]\" placeholder=\"Introduce\u021bi modelul produsului \u0219i cantitatea, sau fi\u0219ierul dvs. de logo pentru personalizare.\" required><\/textarea><\/div><div id=\"wpforms-982-field_2-container\" class=\"wpforms-field wpforms-field-name\" data-field-id=\"2\"><label class=\"wpforms-field-label\" for=\"wpforms-982-field_2\">Nume <span class=\"wpforms-required-label\">*<\/span><\/label><input type=\"text\" id=\"wpforms-982-field_2\" class=\"wpforms-field-large wpforms-field-required\" name=\"wpforms[fields][2]\" placeholder=\"Numele dumneavoastr\u0103\" required><\/div><div id=\"wpforms-982-field_5-container\" class=\"wpforms-field wpforms-field-email\" data-field-id=\"5\"><label class=\"wpforms-field-label\" for=\"wpforms-982-field_5\">Email <span class=\"wpforms-required-label\">*<\/span><\/label><input type=\"email\" id=\"wpforms-982-field_5\" class=\"wpforms-field-large wpforms-field-required\" name=\"wpforms[fields][5]\" placeholder=\"your@email.com\" spellcheck=\"false\" required><div class=\"wpforms-field-description\">V\u0103 vom r\u0103spunde prin e-mail, v\u0103 rug\u0103m s\u0103 completa\u021bi corect.<\/div><\/div><div id=\"wpforms-982-field_6-container\" class=\"wpforms-field wpforms-field-phone\" data-field-id=\"6\"><label class=\"wpforms-field-label\" for=\"wpforms-982-field_6\">Telefon sau WhatsApp<\/label><input type=\"tel\" id=\"wpforms-982-field_6\" class=\"wpforms-field-large wpforms-smart-phone-field\" data-rule-smart-phone-field=\"true\" name=\"wpforms[fields][6]\" placeholder=\"Numerele dvs.\" aria-label=\"Telefon sau WhatsApp\" ><\/div><\/div><!-- .wpforms-field-container --><div class=\"wpforms-submit-container\" ><input type=\"hidden\" name=\"wpforms[id]\" value=\"982\"><input type=\"hidden\" name=\"page_title\" value=\"\"><input type=\"hidden\" name=\"page_url\" value=\"https:\/\/lighttherapypet.com\/ro\/wp-json\/wp\/v2\/pages\/660\"><input type=\"hidden\" name=\"url_referer\" value=\"\"><button type=\"submit\" name=\"wpforms[submit]\" id=\"wpforms-submit-982\" class=\"wpforms-submit\" data-alt-text=\"Sending...\" data-submit-text=\"Submit\" aria-live=\"assertive\" value=\"wpforms-submit\">Trimite\u021bi<\/button><img loading=\"lazy\" decoding=\"async\" src=\"https:\/\/lighttherapypet.com\/wp-content\/plugins\/wpforms\/assets\/images\/submit-spin.svg\" class=\"wpforms-submit-spinner\" style=\"display: none;\" width=\"26\" height=\"26\" alt=\"\u00cenc\u0103rcare\" title=\"\"><\/div><input type=\"hidden\" name=\"trp-form-language\" value=\"ro\"\/><\/form><\/div>  <!-- .wpforms-container -->\t\t<\/div>\n\t\t\t\t<\/div>\n\t\t\t\t\t<\/div>\n\t\t<\/div>\n\t\t\t\t\t<\/div>\n\t\t<\/section>\n\t\t\t\t<\/div>","protected":false},"excerpt":{"rendered":"<p>Despre Lightcare Pet Lightcare Pet Fabrica Lightcare Pet Introducere \u00cenfiin\u021bat\u0103 \u00een 2017, Lightcare Pet este o \u00eentreprindere de \u00eenalt\u0103 tehnologie din China-tech \u00een [...]<\/p>","protected":false},"author":1,"featured_media":0,"parent":0,"menu_order":0,"comment_status":"closed","ping_status":"closed","template":"","meta":{"site-sidebar-layout":"no-sidebar","site-content-layout":"page-builder","ast-site-content-layout":"full-width-container","site-content-style":"unboxed","site-sidebar-style":"unboxed","ast-global-header-display":"","ast-banner-title-visibility":"","ast-main-header-display":"","ast-hfb-above-header-display":"","ast-hfb-below-header-display":"","ast-hfb-mobile-header-display":"","site-post-title":"disabled","ast-breadcrumbs-content":"","ast-featured-img":"disabled","footer-sml-layout":"","theme-transparent-header-meta":"default","adv-header-id-meta":"","stick-header-meta":"default","header-above-stick-meta":"","header-main-stick-meta":"","header-below-stick-meta":"","astra-migrate-meta-layouts":"set","ast-page-background-enabled":"default","ast-page-background-meta":{"desktop":{"background-color":"","background-image":"","background-repeat":"repeat","background-position":"center center","background-size":"auto","background-attachment":"scroll","background-type":"","background-media":"","overlay-type":"","overlay-color":"","overlay-gradient":""},"tablet":{"background-color":"","background-image":"","background-repeat":"repeat","background-position":"center center","background-size":"auto","background-attachment":"scroll","background-type":"","background-media":"","overlay-type":"","overlay-color":"","overlay-gradient":""},"mobile":{"background-color":"","background-image":"","background-repeat":"repeat","background-position":"center center","background-size":"auto","background-attachment":"scroll","background-type":"","background-media":"","overlay-type":"","overlay-color":"","overlay-gradient":""}},"ast-content-background-meta":{"desktop":{"background-color":"var(--ast-global-color-5)","background-image":"","background-repeat":"repeat","background-position":"center center","background-size":"auto","background-attachment":"scroll","background-type":"","background-media":"","overlay-type":"","overlay-color":"","overlay-gradient":""},"tablet":{"background-color":"var(--ast-global-color-5)","background-image":"","background-repeat":"repeat","background-position":"center center","background-size":"auto","background-attachment":"scroll","background-type":"","background-media":"","overlay-type":"","overlay-color":"","overlay-gradient":""},"mobile":{"background-color":"var(--ast-global-color-5)","background-image":"","background-repeat":"repeat","background-position":"center center","background-size":"auto","background-attachment":"scroll","background-type":"","background-media":"","overlay-type":"","overlay-color":"","overlay-gradient":""}},"footnotes":""},"class_list":["post-660","page","type-page","status-publish","hentry"],"_links":{"self":[{"href":"https:\/\/lighttherapypet.com\/ro\/wp-json\/wp\/v2\/pages\/660","targetHints":{"allow":["GET"]}}],"collection":[{"href":"https:\/\/lighttherapypet.com\/ro\/wp-json\/wp\/v2\/pages"}],"about":[{"href":"https:\/\/lighttherapypet.com\/ro\/wp-json\/wp\/v2\/types\/page"}],"author":[{"embeddable":true,"href":"https:\/\/lighttherapypet.com\/ro\/wp-json\/wp\/v2\/users\/1"}],"replies":[{"embeddable":true,"href":"https:\/\/lighttherapypet.com\/ro\/wp-json\/wp\/v2\/comments?post=660"}],"version-history":[{"count":0,"href":"https:\/\/lighttherapypet.com\/ro\/wp-json\/wp\/v2\/pages\/660\/revisions"}],"wp:attachment":[{"href":"https:\/\/lighttherapypet.com\/ro\/wp-json\/wp\/v2\/media?parent=660"}],"curies":[{"name":"wp","href":"https:\/\/api.w.org\/{rel}","templated":true}]}}