{"id":1334,"date":"2023-12-05T08:25:57","date_gmt":"2023-12-05T08:25:57","guid":{"rendered":"https:\/\/lighttherapypet.com\/?post_type=product&#038;p=1334"},"modified":"2024-03-13T16:12:08","modified_gmt":"2024-03-13T16:12:08","slug":"equine-red-light-therapy-cap-horse-poll-neck","status":"publish","type":"product","link":"https:\/\/lighttherapypet.com\/pt\/equine-red-light-therapy-cap-horse-poll-neck\/","title":{"rendered":"Touca de terapia de luz vermelha equina para pesco\u00e7o de cavalo com sonda"},"content":{"rendered":"<div data-elementor-type=\"product-post\" data-elementor-id=\"1334\" class=\"elementor elementor-1334\" data-elementor-post-type=\"product\">\n\t\t\t\t\t\t<section class=\"elementor-section elementor-top-section elementor-element elementor-element-6966a815 elementor-section-boxed elementor-section-height-default elementor-section-height-default\" data-id=\"6966a815\" data-element_type=\"section\">\n\t\t\t\t\t\t<div class=\"elementor-container elementor-column-gap-default\">\n\t\t\t\t\t<div class=\"elementor-column elementor-col-100 elementor-top-column elementor-element elementor-element-305e2a6a\" data-id=\"305e2a6a\" data-element_type=\"column\">\n\t\t\t<div class=\"elementor-widget-wrap elementor-element-populated\">\n\t\t\t\t\t\t<div class=\"elementor-element elementor-element-37075848 elementor-widget elementor-widget-text-editor\" data-id=\"37075848\" data-element_type=\"widget\" data-widget_type=\"text-editor.default\">\n\t\t\t\t<div class=\"elementor-widget-container\">\n\t\t\t\t\t\t\t<h2>Especifica\u00e7\u00f5es da touca de terapia de luz vermelha para equinos<\/h2>\r\n<div class=\"row\">\r\n<div class=\"col-lg-6 col-md-12 col-12\">\r\n<div class=\"table-responsive text-left align-items-top\">\r\n<table class=\"table table-condensed table-hover\">\r\n<tbody>\r\n<tr>\r\n<td>Modelo<\/td>\r\n<td>RH-1<\/td>\r\n<\/tr>\r\n<tr>\r\n<td>Comprimentos de onda<\/td>\r\n<td>VERMELHO 660nm e NIR 850nm<\/td>\r\n<\/tr>\r\n<tr>\r\n<td>LED de alimenta\u00e7\u00e3o<\/td>\r\n<td>122.5W<\/td>\r\n<\/tr>\r\n<tr>\r\n<td>Impulso<\/td>\r\n<td>10Hz<\/td>\r\n<\/tr>\r\n<tr>\r\n<td>Temporizador<\/td>\r\n<td>15 minutos<\/td>\r\n<\/tr>\r\n<tr>\r\n<td>Vida \u00fatil<\/td>\r\n<td>100,000 horas<\/td>\r\n<\/tr>\r\n<tr>\r\n<td>Quantidade de LED<\/td>\r\n<td>245 PCS *0.5 W<\/td>\r\n<\/tr>\r\n<tr>\r\n<td>Peso<\/td>\r\n<td>2.5 kg<\/td>\r\n<\/tr>\r\n<tr>\r\n<td>Material<\/td>\r\n<td>Estireno | Butadieno | Borracha (SBR)<\/td>\r\n<\/tr>\r\n<tr>\r\n<td>Garantia<\/td>\r\n<td>1 ano<\/td>\r\n<\/tr>\r\n<tr>\r\n<td>Personaliza\u00e7\u00e3o<\/td>\r\n<td>Comprimento de onda \/ Log\u00f3tipo \/ Tamanho \/ Embalagem<\/td>\r\n<\/tr>\r\n<\/tbody>\r\n<\/table>\r\n<\/div>\r\n<\/div>\r\n<\/div>\t\t\t\t\t\t<\/div>\n\t\t\t\t<\/div>\n\t\t\t\t\t<\/div>\n\t\t<\/div>\n\t\t\t\t\t<\/div>\n\t\t<\/section>\n\t\t\t\t<section class=\"elementor-section elementor-top-section elementor-element elementor-element-2bbce3ec elementor-section-boxed elementor-section-height-default elementor-section-height-default\" data-id=\"2bbce3ec\" data-element_type=\"section\">\n\t\t\t\t\t\t<div class=\"elementor-container elementor-column-gap-default\">\n\t\t\t\t\t<div class=\"elementor-column elementor-col-100 elementor-top-column elementor-element elementor-element-5d075c1a\" data-id=\"5d075c1a\" data-element_type=\"column\">\n\t\t\t<div class=\"elementor-widget-wrap elementor-element-populated\">\n\t\t\t\t\t\t<div class=\"elementor-element elementor-element-4ad5ce7b elementor-widget elementor-widget-heading\" data-id=\"4ad5ce7b\" data-element_type=\"widget\" data-widget_type=\"heading.default\">\n\t\t\t\t<div class=\"elementor-widget-container\">\n\t\t\t<h3 class=\"elementor-heading-title elementor-size-default\">Pedido de or\u00e7amento<\/h3>\t\t<\/div>\n\t\t\t\t<\/div>\n\t\t\t\t<div class=\"elementor-element elementor-element-2f6b26f7 elementor-widget elementor-widget-text-editor\" data-id=\"2f6b26f7\" data-element_type=\"widget\" data-widget_type=\"text-editor.default\">\n\t\t\t\t<div class=\"elementor-widget-container\">\n\t\t\t\t\t\t\t<p>Se estiver interessado neste produto e quiser import\u00e1-lo da China para o seu pa\u00eds para venda ou uso pessoal, preencha o formul\u00e1rio abaixo para nos contactar para obter o pre\u00e7o do produto e mais informa\u00e7\u00f5es, verificaremos o custo de envio para si. Lightcare Pet \u00e9 um fabricante e exportador na China, apoiamos produtos personalizados e embalagens com o log\u00f3tipo da sua marca, e Dropshipping.<\/p>\t\t\t\t\t\t<\/div>\n\t\t\t\t<\/div>\n\t\t\t\t<div class=\"elementor-element elementor-element-45af63ff elementor-widget elementor-widget-wpforms\" data-id=\"45af63ff\" data-element_type=\"widget\" data-widget_type=\"wpforms.default\">\n\t\t\t\t<div class=\"elementor-widget-container\">\n\t\t\t<div class=\"wpforms-container\" id=\"wpforms-982\"><form id=\"wpforms-form-982\" class=\"wpforms-validate wpforms-form wpforms-ajax-form\" data-formid=\"982\" method=\"post\" enctype=\"multipart\/form-data\" action=\"\/pt\/wp-json\/wp\/v2\/product\/1334\" data-token=\"f15bfca2fd5f36ce6f922f5c462a538d\" data-token-time=\"1775416740\" data-trp-original-action=\"\/pt\/wp-json\/wp\/v2\/product\/1334\"><noscript class=\"wpforms-error-noscript\">Active o JavaScript no seu browser para preencher este formul\u00e1rio.<\/noscript><div class=\"wpforms-field-container\"><div id=\"wpforms-982-field_3-container\" class=\"wpforms-field wpforms-field-textarea\" data-field-id=\"3\"><label class=\"wpforms-field-label\" for=\"wpforms-982-field_3\">Pedido <span class=\"wpforms-required-label\">*<\/span><\/label><textarea id=\"wpforms-982-field_3\" class=\"wpforms-field-medium wpforms-field-required\" name=\"wpforms[fields][3]\" placeholder=\"Introduzir o modelo e a quantidade do produto, ou o ficheiro do seu log\u00f3tipo para personaliza\u00e7\u00e3o.\" required><\/textarea><\/div><div id=\"wpforms-982-field_2-container\" class=\"wpforms-field wpforms-field-name\" data-field-id=\"2\"><label class=\"wpforms-field-label\" for=\"wpforms-982-field_2\">Nome <span class=\"wpforms-required-label\">*<\/span><\/label><input type=\"text\" id=\"wpforms-982-field_2\" class=\"wpforms-field-large wpforms-field-required\" name=\"wpforms[fields][2]\" placeholder=\"O seu nome\" required><\/div><div id=\"wpforms-982-field_5-container\" class=\"wpforms-field wpforms-field-email\" data-field-id=\"5\"><label class=\"wpforms-field-label\" for=\"wpforms-982-field_5\">Correio eletr\u00f3nico <span class=\"wpforms-required-label\">*<\/span><\/label><input type=\"email\" id=\"wpforms-982-field_5\" class=\"wpforms-field-large wpforms-field-required\" name=\"wpforms[fields][5]\" placeholder=\"seu@email.com\" spellcheck=\"false\" required><div class=\"wpforms-field-description\">Responderemos por correio electr\u00f3nico, Preencher correctamente.<\/div><\/div><div id=\"wpforms-982-field_6-container\" class=\"wpforms-field wpforms-field-phone\" data-field-id=\"6\"><label class=\"wpforms-field-label\" for=\"wpforms-982-field_6\">Telefone ou WhatsApp<\/label><input type=\"tel\" id=\"wpforms-982-field_6\" class=\"wpforms-field-large wpforms-smart-phone-field\" data-rule-smart-phone-field=\"true\" name=\"wpforms[fields][6]\" placeholder=\"Os seus n\u00fameros\" aria-label=\"Telefone ou WhatsApp\" ><\/div><\/div><!-- .wpforms-field-container --><div class=\"wpforms-submit-container\" ><input type=\"hidden\" name=\"wpforms[id]\" value=\"982\"><input type=\"hidden\" name=\"page_title\" value=\"\"><input type=\"hidden\" name=\"page_url\" value=\"https:\/\/lighttherapypet.com\/pt\/wp-json\/wp\/v2\/product\/1334\"><input type=\"hidden\" name=\"url_referer\" value=\"\"><button type=\"submit\" name=\"wpforms[submit]\" id=\"wpforms-submit-982\" class=\"wpforms-submit\" data-alt-text=\"Sending...\" data-submit-text=\"Submit\" aria-live=\"assertive\" value=\"wpforms-submit\">Enviar<\/button><img decoding=\"async\" src=\"https:\/\/lighttherapypet.com\/wp-content\/plugins\/wpforms\/assets\/images\/submit-spin.svg\" class=\"wpforms-submit-spinner\" style=\"display: none;\" width=\"26\" height=\"26\" alt=\"Carregamento\" title=\"\"><\/div><input type=\"hidden\" name=\"trp-form-language\" value=\"pt\"\/><\/form><\/div>  <!-- .wpforms-container -->\t\t<\/div>\n\t\t\t\t<\/div>\n\t\t\t\t\t<\/div>\n\t\t<\/div>\n\t\t\t\t\t<\/div>\n\t\t<\/section>\n\t\t\t\t<\/div>","protected":false},"excerpt":{"rendered":"<p>A touca de terapia de luz vermelha para equinos utiliza luz vermelha de 660nm e luz infravermelha de 850nm para acelerar e melhorar a cicatriza\u00e7\u00e3o no poll, e no pesco\u00e7o de um cavalo. Somos um fornecedor chin\u00eas de produtos de terapia de luz vermelha para equinos, que suporta log\u00f3tipos personalizados na sua marca e dropshipping<\/p>\n<div class=\"section-title mb-0\" data-wow-delay=\".2s\">\n<h2>Melhorar os sintomas da p\u00f3lvora e do pesco\u00e7o do cavalo<\/h2>\n<\/div>\n<div class=\"section-content\" data-wow-delay=\".4s\">\n<ul class=\"page-product-feature\">\n<li>Dor<\/li>\n<li>Post1TP11Recupera\u00e7\u00e3o cir\u00fargica<\/li>\n<li>Cicatriza\u00e7\u00e3o de feridas<\/li>\n<li>Ferir<\/li>\n<li>Fadiga<\/li>\n<\/ul>\n<\/div>","protected":false},"featured_media":1335,"template":"","meta":{"rank_math_lock_modified_date":false,"site-sidebar-layout":"default","site-content-layout":"","ast-site-content-layout":"default","site-content-style":"default","site-sidebar-style":"default","ast-global-header-display":"","ast-banner-title-visibility":"","ast-main-header-display":"","ast-hfb-above-header-display":"","ast-hfb-below-header-display":"","ast-hfb-mobile-header-display":"","site-post-title":"","ast-breadcrumbs-content":"","ast-featured-img":"","footer-sml-layout":"","theme-transparent-header-meta":"default","adv-header-id-meta":"","stick-header-meta":"default","header-above-stick-meta":"","header-main-stick-meta":"","header-below-stick-meta":"","astra-migrate-meta-layouts":"set","ast-page-background-enabled":"default","ast-page-background-meta":{"desktop":{"background-color":"","background-image":"","background-repeat":"repeat","background-position":"center center","background-size":"auto","background-attachment":"scroll","background-type":"","background-media":"","overlay-type":"","overlay-color":"","overlay-gradient":""},"tablet":{"background-color":"","background-image":"","background-repeat":"repeat","background-position":"center center","background-size":"auto","background-attachment":"scroll","background-type":"","background-media":"","overlay-type":"","overlay-color":"","overlay-gradient":""},"mobile":{"background-color":"","background-image":"","background-repeat":"repeat","background-position":"center center","background-size":"auto","background-attachment":"scroll","background-type":"","background-media":"","overlay-type":"","overlay-color":"","overlay-gradient":""}},"ast-content-background-meta":{"desktop":{"background-color":"var(--ast-global-color-5)","background-image":"","background-repeat":"repeat","background-position":"center center","background-size":"auto","background-attachment":"scroll","background-type":"","background-media":"","overlay-type":"","overlay-color":"","overlay-gradient":""},"tablet":{"background-color":"var(--ast-global-color-5)","background-image":"","background-repeat":"repeat","background-position":"center center","background-size":"auto","background-attachment":"scroll","background-type":"","background-media":"","overlay-type":"","overlay-color":"","overlay-gradient":""},"mobile":{"background-color":"var(--ast-global-color-5)","background-image":"","background-repeat":"repeat","background-position":"center center","background-size":"auto","background-attachment":"scroll","background-type":"","background-media":"","overlay-type":"","overlay-color":"","overlay-gradient":""}}},"product_brand":[],"product_cat":[29],"product_tag":[],"class_list":{"0":"post-1334","1":"product","2":"type-product","3":"status-publish","4":"has-post-thumbnail","6":"product_cat-horses","7":"desktop-align-left","8":"tablet-align-left","9":"mobile-align-left","11":"first","12":"instock","13":"shipping-taxable","14":"product-type-simple"},"_links":{"self":[{"href":"https:\/\/lighttherapypet.com\/pt\/wp-json\/wp\/v2\/product\/1334"}],"collection":[{"href":"https:\/\/lighttherapypet.com\/pt\/wp-json\/wp\/v2\/product"}],"about":[{"href":"https:\/\/lighttherapypet.com\/pt\/wp-json\/wp\/v2\/types\/product"}],"version-history":[{"count":0,"href":"https:\/\/lighttherapypet.com\/pt\/wp-json\/wp\/v2\/product\/1334\/revisions"}],"wp:featuredmedia":[{"embeddable":true,"href":"https:\/\/lighttherapypet.com\/pt\/wp-json\/wp\/v2\/media\/1335"}],"wp:attachment":[{"href":"https:\/\/lighttherapypet.com\/pt\/wp-json\/wp\/v2\/media?parent=1334"}],"wp:term":[{"taxonomy":"product_brand","embeddable":true,"href":"https:\/\/lighttherapypet.com\/pt\/wp-json\/wp\/v2\/product_brand?post=1334"},{"taxonomy":"product_cat","embeddable":true,"href":"https:\/\/lighttherapypet.com\/pt\/wp-json\/wp\/v2\/product_cat?post=1334"},{"taxonomy":"product_tag","embeddable":true,"href":"https:\/\/lighttherapypet.com\/pt\/wp-json\/wp\/v2\/product_tag?post=1334"}],"curies":[{"name":"wp","href":"https:\/\/api.w.org\/{rel}","templated":true}]}}