{"id":1326,"date":"2023-12-03T14:45:12","date_gmt":"2023-12-03T14:45:12","guid":{"rendered":"https:\/\/lighttherapypet.com\/?post_type=product&#038;p=1326"},"modified":"2024-07-09T19:00:22","modified_gmt":"2024-07-09T19:00:22","slug":"red-light-therapy-horse-boots","status":"publish","type":"product","link":"https:\/\/lighttherapypet.com\/fi\/red-light-therapy-horse-boots\/","title":{"rendered":"Punaisen valon terapia hevosen saappaat"},"content":{"rendered":"<div data-elementor-type=\"product-post\" data-elementor-id=\"1326\" class=\"elementor elementor-1326\" data-elementor-post-type=\"product\">\n\t\t\t\t\t\t<section class=\"elementor-section elementor-top-section elementor-element elementor-element-3e04d664 elementor-section-boxed elementor-section-height-default elementor-section-height-default\" data-id=\"3e04d664\" data-element_type=\"section\">\n\t\t\t\t\t\t<div class=\"elementor-container elementor-column-gap-default\">\n\t\t\t\t\t<div class=\"elementor-column elementor-col-100 elementor-top-column elementor-element elementor-element-698cd321\" data-id=\"698cd321\" data-element_type=\"column\">\n\t\t\t<div class=\"elementor-widget-wrap elementor-element-populated\">\n\t\t\t\t\t\t<div class=\"elementor-element elementor-element-298bdf37 elementor-widget elementor-widget-text-editor\" data-id=\"298bdf37\" data-element_type=\"widget\" data-widget_type=\"text-editor.default\">\n\t\t\t\t<div class=\"elementor-widget-container\">\n\t\t\t\t\t\t\t<h2>Punaisen valon terapia hevosen saappaat Tekniset tiedot<\/h2><div class=\"row\"><div class=\"col-lg-6 col-md-12 col-12\"><div class=\"table-responsive text-left align-items-top\"><table class=\"table table-condensed table-hover\"><tbody><tr><td>Malli<\/td><td>RH-5<\/td><\/tr><tr><td>Aallonpituudet<\/td><td>PUNAINEN 660 nm ja NIR 850 nm<\/td><\/tr><tr><td>LED-teho<\/td><td>40W<\/td><\/tr><tr><td>Pulssi<\/td><td>10Hz<\/td><\/tr><tr><td>Ajastin<\/td><td>15 minuuttia<\/td><\/tr><tr><td>Elinik\u00e4inen<\/td><td>100,000 tuntia<\/td><\/tr><tr><td>LEDin m\u00e4\u00e4r\u00e4<\/td><td>80 KPL *0.5 W<\/td><\/tr><tr><td>Paino<\/td><td>1.5 kg<\/td><\/tr><tr><td>Materiaali<\/td><td>Styreeni | Butadieeni | Kumi (SBR)<\/td><\/tr><tr><td>Takuu<\/td><td>1 vuosi<\/td><\/tr><tr><td>Mukauttaminen<\/td><td>Aallonpituus \/ logo \/ koko \/ pakkaus<\/td><\/tr><\/tbody><\/table><\/div><\/div><\/div>\t\t\t\t\t\t<\/div>\n\t\t\t\t<\/div>\n\t\t\t\t\t<\/div>\n\t\t<\/div>\n\t\t\t\t\t<\/div>\n\t\t<\/section>\n\t\t\t\t<section class=\"elementor-section elementor-top-section elementor-element elementor-element-3e61f6c0 elementor-section-boxed elementor-section-height-default elementor-section-height-default\" data-id=\"3e61f6c0\" data-element_type=\"section\">\n\t\t\t\t\t\t<div class=\"elementor-container elementor-column-gap-default\">\n\t\t\t\t\t<div class=\"elementor-column elementor-col-100 elementor-top-column elementor-element elementor-element-aa80f60\" data-id=\"aa80f60\" data-element_type=\"column\">\n\t\t\t<div class=\"elementor-widget-wrap elementor-element-populated\">\n\t\t\t\t\t\t<div class=\"elementor-element elementor-element-2c46a43f elementor-widget elementor-widget-heading\" data-id=\"2c46a43f\" data-element_type=\"widget\" data-widget_type=\"heading.default\">\n\t\t\t\t<div class=\"elementor-widget-container\">\n\t\t\t<h3 class=\"elementor-heading-title elementor-size-default\">Tarjouspyynt\u00f6<\/h3>\t\t<\/div>\n\t\t\t\t<\/div>\n\t\t\t\t<div class=\"elementor-element elementor-element-4c81c59c elementor-widget elementor-widget-text-editor\" data-id=\"4c81c59c\" data-element_type=\"widget\" data-widget_type=\"text-editor.default\">\n\t\t\t\t<div class=\"elementor-widget-container\">\n\t\t\t\t\t\t\t<p>Jos olet kiinnostunut t\u00e4st\u00e4 tuotteesta ja haluat tuoda sen Kiinasta maahasi myyntiin tai henkil\u00f6kohtaiseen k\u00e4ytt\u00f6\u00f6n, t\u00e4yt\u00e4 alla oleva lomake ja ota meihin yhteytt\u00e4 tuotteen hinnan ja lis\u00e4tietoja, tarkistamme toimituskulut sinulle. Lightcare Pet on valmistaja ja viej\u00e4 Kiinassa, tuemme r\u00e4\u00e4t\u00e4l\u00f6ityj\u00e4 tuotteita ja pakkauksia tuotemerkkisi logolla, ja Dropshipping.<\/p>\t\t\t\t\t\t<\/div>\n\t\t\t\t<\/div>\n\t\t\t\t<div class=\"elementor-element elementor-element-75d33aab elementor-widget elementor-widget-wpforms\" data-id=\"75d33aab\" data-element_type=\"widget\" data-widget_type=\"wpforms.default\">\n\t\t\t\t<div class=\"elementor-widget-container\">\n\t\t\t<div class=\"wpforms-container\" id=\"wpforms-982\"><form id=\"wpforms-form-982\" class=\"wpforms-validate wpforms-form wpforms-ajax-form\" data-formid=\"982\" method=\"post\" enctype=\"multipart\/form-data\" action=\"\/fi\/wp-json\/wp\/v2\/product\/1326\" data-token=\"f15bfca2fd5f36ce6f922f5c462a538d\" data-token-time=\"1775421393\" data-trp-original-action=\"\/fi\/wp-json\/wp\/v2\/product\/1326\"><noscript class=\"wpforms-error-noscript\">Ota JavaScript k\u00e4ytt\u00f6\u00f6n selaimessasi t\u00e4ytt\u00e4\u00e4ksesi t\u00e4m\u00e4n lomakkeen.<\/noscript><div class=\"wpforms-field-container\"><div id=\"wpforms-982-field_3-container\" class=\"wpforms-field wpforms-field-textarea\" data-field-id=\"3\"><label class=\"wpforms-field-label\" for=\"wpforms-982-field_3\">Pyynt\u00f6 <span class=\"wpforms-required-label\">*<\/span><\/label><textarea id=\"wpforms-982-field_3\" class=\"wpforms-field-medium wpforms-field-required\" name=\"wpforms[fields][3]\" placeholder=\"Sy\u00f6t\u00e4 tuotteen malli ja m\u00e4\u00e4r\u00e4, tai logotiedostosi r\u00e4\u00e4t\u00e4l\u00f6inti\u00e4 varten.\" required><\/textarea><\/div><div id=\"wpforms-982-field_2-container\" class=\"wpforms-field wpforms-field-name\" data-field-id=\"2\"><label class=\"wpforms-field-label\" for=\"wpforms-982-field_2\">Nimi <span class=\"wpforms-required-label\">*<\/span><\/label><input type=\"text\" id=\"wpforms-982-field_2\" class=\"wpforms-field-large wpforms-field-required\" name=\"wpforms[fields][2]\" placeholder=\"Nimesi\" required><\/div><div id=\"wpforms-982-field_5-container\" class=\"wpforms-field wpforms-field-email\" data-field-id=\"5\"><label class=\"wpforms-field-label\" for=\"wpforms-982-field_5\">S\u00e4hk\u00f6posti <span class=\"wpforms-required-label\">*<\/span><\/label><input type=\"email\" id=\"wpforms-982-field_5\" class=\"wpforms-field-large wpforms-field-required\" name=\"wpforms[fields][5]\" placeholder=\"your@email.com\" spellcheck=\"false\" required><div class=\"wpforms-field-description\">Vastaamme sinulle s\u00e4hk\u00f6postitse, t\u00e4yt\u00e4 tiedot oikein.<\/div><\/div><div id=\"wpforms-982-field_6-container\" class=\"wpforms-field wpforms-field-phone\" data-field-id=\"6\"><label class=\"wpforms-field-label\" for=\"wpforms-982-field_6\">Puhelin tai WhatsApp<\/label><input type=\"tel\" id=\"wpforms-982-field_6\" class=\"wpforms-field-large wpforms-smart-phone-field\" data-rule-smart-phone-field=\"true\" name=\"wpforms[fields][6]\" placeholder=\"Sinun numerosi\" aria-label=\"Puhelin tai WhatsApp\" ><\/div><\/div><!-- .wpforms-field-container --><div class=\"wpforms-submit-container\" ><input type=\"hidden\" name=\"wpforms[id]\" value=\"982\"><input type=\"hidden\" name=\"page_title\" value=\"\"><input type=\"hidden\" name=\"page_url\" value=\"https:\/\/lighttherapypet.com\/fi\/wp-json\/wp\/v2\/product\/1326\"><input type=\"hidden\" name=\"url_referer\" value=\"\"><button type=\"submit\" name=\"wpforms[submit]\" id=\"wpforms-submit-982\" class=\"wpforms-submit\" data-alt-text=\"Sending...\" data-submit-text=\"Submit\" aria-live=\"assertive\" value=\"wpforms-submit\">L\u00e4het\u00e4<\/button><img decoding=\"async\" src=\"https:\/\/lighttherapypet.com\/wp-content\/plugins\/wpforms\/assets\/images\/submit-spin.svg\" class=\"wpforms-submit-spinner\" style=\"display: none;\" width=\"26\" height=\"26\" alt=\"Ladataan\" title=\"\"><\/div><input type=\"hidden\" name=\"trp-form-language\" value=\"fi\"\/><\/form><\/div>  <!-- .wpforms-container -->\t\t<\/div>\n\t\t\t\t<\/div>\n\t\t\t\t\t<\/div>\n\t\t<\/div>\n\t\t\t\t\t<\/div>\n\t\t<\/section>\n\t\t\t\t<\/div>","protected":false},"excerpt":{"rendered":"<p>Punaisen valohoidon hevosen saappaat k\u00e4ytt\u00e4v\u00e4t 660nm punaista valoa ja 850nm infrapunavaloa nopeuttamaan ja parantamaan paranemista hevosen kavioihin, pasterns, ja hevosen lonkat. Olemme kiinalainen tehdas hevosten terapian k\u00e4\u00e4reist\u00e4,, joka tukee r\u00e4\u00e4t\u00e4l\u00f6ityj\u00e4 logoja tuotemerkillesi ja pudotustoimitukselle.<\/p>\n<div class=\"elementor-button-wrapper\"><a class=\"box-button elementor-button elementor-size-xl\" href=\"#elementor-action:action=popup:open&settings=eyJpZCI6IjE1MDkiLCJ0b2dnbGUiOmZhbHNlfQ==\">Hanki tuotteen hinta<\/a>\t\t<\/p>\n<div data-elementor-type=\"popup\" data-elementor-id=\"1509\" class=\"elementor elementor-1509\" data-elementor-settings=\"{&quot;a11y_navigation&quot;:&quot;yes&quot;,&quot;timing&quot;:[]}\" data-elementor-post-type=\"elementor_library\">\n<section class=\"elementor-section elementor-top-section elementor-element elementor-element-f9324b0 elementor-section-boxed elementor-section-height-default elementor-section-height-default\" data-id=\"f9324b0\" data-element_type=\"section\">\n<div class=\"elementor-container elementor-column-gap-default\">\n<div class=\"elementor-column elementor-col-100 elementor-top-column elementor-element elementor-element-451498c\" data-id=\"451498c\" data-element_type=\"column\">\n<div class=\"elementor-widget-wrap elementor-element-populated\">\n<div class=\"elementor-element elementor-element-8d53f36 elementor-widget elementor-widget-heading\" data-id=\"8d53f36\" data-element_type=\"widget\" data-widget_type=\"heading.default\">\n<div class=\"elementor-widget-container\">\n<h2 class=\"elementor-heading-title elementor-size-default\">Kyselylomake<\/h2>\n<\/p><\/div>\n<\/p><\/div>\n<div class=\"elementor-element elementor-element-4f1e67a elementor-widget elementor-widget-text-editor\" data-id=\"4f1e67a\" data-element_type=\"widget\" data-widget_type=\"text-editor.default\">\n<div class=\"elementor-widget-container\">\n<p>Emme n\u00e4yt\u00e4 tuotteen hintaa, kiinnostuneet asiakkaat voivat t\u00e4ytt\u00e4\u00e4 alla olevan lomakkeen saadakseen tuotteen hinnan. Vastaamme sinulle s\u00e4hk\u00f6postitse tai WhatsAppilla!<\/p>\n<\/p><\/div>\n<\/p><\/div>\n<div class=\"elementor-element elementor-element-47cf273 elementor-widget elementor-widget-wpforms\" data-id=\"47cf273\" data-element_type=\"widget\" data-widget_type=\"wpforms.default\">\n<div class=\"elementor-widget-container\">\n<div class=\"wpforms-container\" id=\"wpforms-654\">\n<form id=\"wpforms-form-654\" class=\"wpforms-validate wpforms-form wpforms-ajax-form\" data-formid=\"654\" method=\"post\" enctype=\"multipart\/form-data\" action=\"\/fi\/wp-json\/wp\/v2\/product\/1326\" data-token=\"b688a17c9a896ad6bb25a8a4c50496ed\" data-token-time=\"1775421393\" data-trp-original-action=\"\/fi\/wp-json\/wp\/v2\/product\/1326\"><noscript class=\"wpforms-error-noscript\">Ota JavaScript k\u00e4ytt\u00f6\u00f6n selaimessasi t\u00e4ytt\u00e4\u00e4ksesi t\u00e4m\u00e4n lomakkeen.<\/noscript><\/p>\n<div class=\"wpforms-field-container\">\n<div id=\"wpforms-654-field_2-container\" class=\"wpforms-field wpforms-field-textarea\" data-field-id=\"2\"><label class=\"wpforms-field-label\" for=\"wpforms-654-field_2\">Viesti <span class=\"wpforms-required-label\">*<\/span><\/label><textarea id=\"wpforms-654-field_2\" class=\"wpforms-field-medium wpforms-field-required\" name=\"wpforms[fields][2]\" required><\/textarea><\/div>\n<div id=\"wpforms-654-field_0-container\" class=\"wpforms-field wpforms-field-name\" data-field-id=\"0\"><label class=\"wpforms-field-label\" for=\"wpforms-654-field_0\">Nimi <span class=\"wpforms-required-label\">*<\/span><\/label><input type=\"text\" id=\"wpforms-654-field_0\" class=\"wpforms-field-medium wpforms-field-required\" name=\"wpforms[fields][0]\" placeholder=\"Nimesi\" required><\/div>\n<div id=\"wpforms-654-field_1-container\" class=\"wpforms-field wpforms-field-email\" data-field-id=\"1\"><label class=\"wpforms-field-label\" for=\"wpforms-654-field_1\">S\u00e4hk\u00f6posti <span class=\"wpforms-required-label\">*<\/span><\/label><input type=\"email\" id=\"wpforms-654-field_1\" class=\"wpforms-field-medium wpforms-field-required\" name=\"wpforms[fields][1]\" placeholder=\"your@email.com\" spellcheck=\"false\" required><\/div>\n<div id=\"wpforms-654-field_5-container\" class=\"wpforms-field wpforms-field-phone\" data-field-id=\"5\"><label class=\"wpforms-field-label\" for=\"wpforms-654-field_5\">Puhelin \/ WhatsApp<\/label><input type=\"tel\" id=\"wpforms-654-field_5\" class=\"wpforms-field-medium\" data-rule-int-phone-field=\"true\" name=\"wpforms[fields][5]\" placeholder=\"Sinun numerosi\" aria-label=\"Puhelin \/ WhatsApp\" ><\/div>\n<\/div>\n<p><!-- .wpforms-field-container --><\/p>\n<div class=\"wpforms-submit-container\" ><input type=\"hidden\" name=\"wpforms[id]\" value=\"654\"><input type=\"hidden\" name=\"page_title\" value=\"\"><input type=\"hidden\" name=\"page_url\" value=\"https:\/\/lighttherapypet.com\/fi\/wp-json\/wp\/v2\/product\/1326\"><input type=\"hidden\" name=\"url_referer\" value=\"\"><button type=\"submit\" name=\"wpforms[submit]\" id=\"wpforms-submit-654\" class=\"wpforms-submit\" data-alt-text=\"Sending...\" data-submit-text=\"Submit\" aria-live=\"assertive\" value=\"wpforms-submit\">L\u00e4het\u00e4<\/button><img decoding=\"async\" src=\"https:\/\/lighttherapypet.com\/wp-content\/plugins\/wpforms\/assets\/images\/submit-spin.svg\" class=\"wpforms-submit-spinner\" style=\"display: none;\" width=\"26\" height=\"26\" alt=\"Ladataan\"><\/div>\n<input type=\"hidden\" name=\"trp-form-language\" value=\"fi\"\/><\/form>\n<\/div>\n<p>  <!-- .wpforms-container -->\t\t<\/div>\n<\/p><\/div>\n<\/p><\/div>\n<\/p><\/div>\n<\/p><\/div>\n<\/section><\/div>\n<\/p><\/div>\n<div class=\"section-title mb-0\" data-wow-delay=\".2s\">\n<h2>Parantaa hevosen kavioiden oireita<\/h2>\n<\/div>\n<div class=\"section-content\" data-wow-delay=\".4s\">\n<ul class=\"page-product-feature\">\n<li>Kipu<\/li>\n<li>Loukkaantua<\/li>\n<li>Harde-koulutus<\/li>\n<li>V\u00e4synyt<\/li>\n<li>Post1TP11Kirurginen toipuminen<\/li>\n<li>Haavan paraneminen<\/li>\n<\/ul>\n<\/div>","protected":false},"featured_media":1327,"template":"","meta":{"rank_math_lock_modified_date":false,"site-sidebar-layout":"default","site-content-layout":"","ast-site-content-layout":"default","site-content-style":"default","site-sidebar-style":"default","ast-global-header-display":"","ast-banner-title-visibility":"","ast-main-header-display":"","ast-hfb-above-header-display":"","ast-hfb-below-header-display":"","ast-hfb-mobile-header-display":"","site-post-title":"","ast-breadcrumbs-content":"","ast-featured-img":"","footer-sml-layout":"","theme-transparent-header-meta":"default","adv-header-id-meta":"","stick-header-meta":"default","header-above-stick-meta":"","header-main-stick-meta":"","header-below-stick-meta":"","astra-migrate-meta-layouts":"set","ast-page-background-enabled":"default","ast-page-background-meta":{"desktop":{"background-color":"","background-image":"","background-repeat":"repeat","background-position":"center center","background-size":"auto","background-attachment":"scroll","background-type":"","background-media":"","overlay-type":"","overlay-color":"","overlay-gradient":""},"tablet":{"background-color":"","background-image":"","background-repeat":"repeat","background-position":"center center","background-size":"auto","background-attachment":"scroll","background-type":"","background-media":"","overlay-type":"","overlay-color":"","overlay-gradient":""},"mobile":{"background-color":"","background-image":"","background-repeat":"repeat","background-position":"center center","background-size":"auto","background-attachment":"scroll","background-type":"","background-media":"","overlay-type":"","overlay-color":"","overlay-gradient":""}},"ast-content-background-meta":{"desktop":{"background-color":"var(--ast-global-color-5)","background-image":"","background-repeat":"repeat","background-position":"center center","background-size":"auto","background-attachment":"scroll","background-type":"","background-media":"","overlay-type":"","overlay-color":"","overlay-gradient":""},"tablet":{"background-color":"var(--ast-global-color-5)","background-image":"","background-repeat":"repeat","background-position":"center center","background-size":"auto","background-attachment":"scroll","background-type":"","background-media":"","overlay-type":"","overlay-color":"","overlay-gradient":""},"mobile":{"background-color":"var(--ast-global-color-5)","background-image":"","background-repeat":"repeat","background-position":"center center","background-size":"auto","background-attachment":"scroll","background-type":"","background-media":"","overlay-type":"","overlay-color":"","overlay-gradient":""}}},"product_brand":[],"product_cat":[29],"product_tag":[],"class_list":{"0":"post-1326","1":"product","2":"type-product","3":"status-publish","4":"has-post-thumbnail","6":"product_cat-horses","7":"desktop-align-left","8":"tablet-align-left","9":"mobile-align-left","11":"first","12":"instock","13":"shipping-taxable","14":"product-type-simple"},"_links":{"self":[{"href":"https:\/\/lighttherapypet.com\/fi\/wp-json\/wp\/v2\/product\/1326"}],"collection":[{"href":"https:\/\/lighttherapypet.com\/fi\/wp-json\/wp\/v2\/product"}],"about":[{"href":"https:\/\/lighttherapypet.com\/fi\/wp-json\/wp\/v2\/types\/product"}],"version-history":[{"count":2,"href":"https:\/\/lighttherapypet.com\/fi\/wp-json\/wp\/v2\/product\/1326\/revisions"}],"predecessor-version":[{"id":1772,"href":"https:\/\/lighttherapypet.com\/fi\/wp-json\/wp\/v2\/product\/1326\/revisions\/1772"}],"wp:featuredmedia":[{"embeddable":true,"href":"https:\/\/lighttherapypet.com\/fi\/wp-json\/wp\/v2\/media\/1327"}],"wp:attachment":[{"href":"https:\/\/lighttherapypet.com\/fi\/wp-json\/wp\/v2\/media?parent=1326"}],"wp:term":[{"taxonomy":"product_brand","embeddable":true,"href":"https:\/\/lighttherapypet.com\/fi\/wp-json\/wp\/v2\/product_brand?post=1326"},{"taxonomy":"product_cat","embeddable":true,"href":"https:\/\/lighttherapypet.com\/fi\/wp-json\/wp\/v2\/product_cat?post=1326"},{"taxonomy":"product_tag","embeddable":true,"href":"https:\/\/lighttherapypet.com\/fi\/wp-json\/wp\/v2\/product_tag?post=1326"}],"curies":[{"name":"wp","href":"https:\/\/api.w.org\/{rel}","templated":true}]}}