{"id":1028,"date":"2023-11-13T08:14:36","date_gmt":"2023-11-13T08:14:36","guid":{"rendered":"https:\/\/lighttherapypet.com\/?post_type=product&#038;p=1028"},"modified":"2024-03-13T16:08:35","modified_gmt":"2024-03-13T16:08:35","slug":"red-light-therapy-pads-for-dog-legs","status":"publish","type":"product","link":"https:\/\/lighttherapypet.com\/de\/red-light-therapy-pads-for-dog-legs\/","title":{"rendered":"Rotlichttherapie-Pads f\u00fcr Hundebeine"},"content":{"rendered":"<div data-elementor-type=\"product-post\" data-elementor-id=\"1028\" class=\"elementor elementor-1028\" data-elementor-post-type=\"product\">\n\t\t\t\t\t\t<section class=\"elementor-section elementor-top-section elementor-element elementor-element-3f62ff26 elementor-section-boxed elementor-section-height-default elementor-section-height-default\" data-id=\"3f62ff26\" data-element_type=\"section\">\n\t\t\t\t\t\t<div class=\"elementor-container elementor-column-gap-default\">\n\t\t\t\t\t<div class=\"elementor-column elementor-col-100 elementor-top-column elementor-element elementor-element-7954fd6b\" data-id=\"7954fd6b\" data-element_type=\"column\">\n\t\t\t<div class=\"elementor-widget-wrap elementor-element-populated\">\n\t\t\t\t\t\t<div class=\"elementor-element elementor-element-1f036381 elementor-widget elementor-widget-text-editor\" data-id=\"1f036381\" data-element_type=\"widget\" data-widget_type=\"text-editor.default\">\n\t\t\t\t<div class=\"elementor-widget-container\">\n\t\t\t\t\t\t\t<h3>Rotlichtpads Spezifikationen<\/h3>\r\n<div class=\"row\">\r\n<div class=\"col-lg-6 col-md-12 col-12\">\r\n<div class=\"table-responsive text-left align-items-top\">\r\n<table class=\"table table-condensed table-hover\">\r\n<tbody>\r\n<tr>\r\n<td>Modell<\/td>\r\n<td>RD-2<\/td>\r\n<\/tr>\r\n<tr>\r\n<td>Wellenl\u00e4ngen<\/td>\r\n<td>ROT 660nm &amp; NIR 850nm<\/td>\r\n<\/tr>\r\n<tr>\r\n<td>LED Leistung<\/td>\r\n<td>17W<\/td>\r\n<\/tr>\r\n<tr>\r\n<td>Puls<\/td>\r\n<td>10Hz<\/td>\r\n<\/tr>\r\n<tr>\r\n<td>Zeitschaltuhr<\/td>\r\n<td>15 Minuten<\/td>\r\n<\/tr>\r\n<tr>\r\n<td>Lebenslang<\/td>\r\n<td>100,000Std.<\/td>\r\n<\/tr>\r\n<tr>\r\n<td>Anzahl der LED<\/td>\r\n<td>34ST\u00dcCK *0.5 W<\/td>\r\n<\/tr>\r\n<tr>\r\n<td>Gewicht<\/td>\r\n<td>1.5 kg<\/td>\r\n<\/tr>\r\n<tr>\r\n<td>Material<\/td>\r\n<td>Styrol | Butadien | Kautschuk(SBR)<\/td>\r\n<\/tr>\r\n<tr>\r\n<td>Garantie<\/td>\r\n<td>1 Jahr<\/td>\r\n<\/tr>\r\n<tr>\r\n<td>Anpassen<\/td>\r\n<td>Wellenl\u00e4nge \/ Logo \/ Gr\u00f6\u00dfe \/ Verpackung<\/td>\r\n<\/tr>\r\n<\/tbody>\r\n<\/table>\r\n<\/div>\r\n<\/div>\r\n<\/div>\t\t\t\t\t\t<\/div>\n\t\t\t\t<\/div>\n\t\t\t\t\t<\/div>\n\t\t<\/div>\n\t\t\t\t\t<\/div>\n\t\t<\/section>\n\t\t\t\t<section class=\"elementor-section elementor-top-section elementor-element elementor-element-508f0aa1 elementor-section-boxed elementor-section-height-default elementor-section-height-default\" data-id=\"508f0aa1\" data-element_type=\"section\">\n\t\t\t\t\t\t<div class=\"elementor-container elementor-column-gap-default\">\n\t\t\t\t\t<div class=\"elementor-column elementor-col-100 elementor-top-column elementor-element elementor-element-54e53274\" data-id=\"54e53274\" data-element_type=\"column\">\n\t\t\t<div class=\"elementor-widget-wrap elementor-element-populated\">\n\t\t\t\t\t\t<div class=\"elementor-element elementor-element-2b18bd37 elementor-widget elementor-widget-heading\" data-id=\"2b18bd37\" data-element_type=\"widget\" data-widget_type=\"heading.default\">\n\t\t\t\t<div class=\"elementor-widget-container\">\n\t\t\t<h3 class=\"elementor-heading-title elementor-size-default\">Anfrage f\u00fcr ein Angebot<\/h3>\t\t<\/div>\n\t\t\t\t<\/div>\n\t\t\t\t<div class=\"elementor-element elementor-element-7bb2bb57 elementor-widget elementor-widget-text-editor\" data-id=\"7bb2bb57\" data-element_type=\"widget\" data-widget_type=\"text-editor.default\">\n\t\t\t\t<div class=\"elementor-widget-container\">\n\t\t\t\t\t\t\t<p>Wenn Sie an diesem Produkt interessiert sind und es aus China in Ihr Land zum Verkauf oder f\u00fcr den pers\u00f6nlichen Gebrauch importieren m\u00f6chten, f\u00fcllen Sie bitte das untenstehende Formular aus, um uns f\u00fcr den Produktpreis und weitere Informationen zu kontaktieren, wir werden die Versandkosten f\u00fcr Sie \u00fcberpr\u00fcfen. Lightcare Pet ist ein Hersteller und Exporteur in China, wir unterst\u00fctzen kundenspezifische Produkte und Verpackungen mit Ihrem Markenlogo, und Dropshipping.<\/p>\t\t\t\t\t\t<\/div>\n\t\t\t\t<\/div>\n\t\t\t\t<div class=\"elementor-element elementor-element-b06e5aa elementor-widget elementor-widget-wpforms\" data-id=\"b06e5aa\" data-element_type=\"widget\" data-widget_type=\"wpforms.default\">\n\t\t\t\t<div class=\"elementor-widget-container\">\n\t\t\t<div class=\"wpforms-container\" id=\"wpforms-982\"><form id=\"wpforms-form-982\" class=\"wpforms-validate wpforms-form wpforms-ajax-form\" data-formid=\"982\" method=\"post\" enctype=\"multipart\/form-data\" action=\"\/de\/wp-json\/wp\/v2\/product\/1028\" data-token=\"3f9ebe28bb6e4449f528f43a54010b07\" data-token-time=\"1776269368\" data-trp-original-action=\"\/de\/wp-json\/wp\/v2\/product\/1028\"><noscript class=\"wpforms-error-noscript\">Bitte aktiviere JavaScript in deinem Browser, um dieses Formular fertigzustellen.<\/noscript><div class=\"wpforms-field-container\"><div id=\"wpforms-982-field_3-container\" class=\"wpforms-field wpforms-field-textarea\" data-field-id=\"3\"><label class=\"wpforms-field-label\" for=\"wpforms-982-field_3\">Anfrage <span class=\"wpforms-required-label\">*<\/span><\/label><textarea id=\"wpforms-982-field_3\" class=\"wpforms-field-medium wpforms-field-required\" name=\"wpforms[fields][3]\" placeholder=\"Geben Sie das Produktmodell und die Menge, oder Ihre Logodatei zur Anpassung ein.\" required><\/textarea><\/div><div id=\"wpforms-982-field_2-container\" class=\"wpforms-field wpforms-field-name\" data-field-id=\"2\"><label class=\"wpforms-field-label\" for=\"wpforms-982-field_2\">Name <span class=\"wpforms-required-label\">*<\/span><\/label><input type=\"text\" id=\"wpforms-982-field_2\" class=\"wpforms-field-large wpforms-field-required\" name=\"wpforms[fields][2]\" placeholder=\"Ihr Name\" required><\/div><div id=\"wpforms-982-field_5-container\" class=\"wpforms-field wpforms-field-email\" data-field-id=\"5\"><label class=\"wpforms-field-label\" for=\"wpforms-982-field_5\">E-Mail <span class=\"wpforms-required-label\">*<\/span><\/label><input type=\"email\" id=\"wpforms-982-field_5\" class=\"wpforms-field-large wpforms-field-required\" name=\"wpforms[fields][5]\" placeholder=\"Ihre@E-Mail.com\" spellcheck=\"false\" required><div class=\"wpforms-field-description\">Wir werden Ihnen per E-Mail antworten, bitte korrekt ausf\u00fcllen.<\/div><\/div><div id=\"wpforms-982-field_6-container\" class=\"wpforms-field wpforms-field-phone\" data-field-id=\"6\"><label class=\"wpforms-field-label\" for=\"wpforms-982-field_6\">Telefon oder WhatsApp<\/label><input type=\"tel\" id=\"wpforms-982-field_6\" class=\"wpforms-field-large wpforms-smart-phone-field\" data-rule-smart-phone-field=\"true\" name=\"wpforms[fields][6]\" placeholder=\"Ihre Zahlen\" aria-label=\"Telefon oder WhatsApp\" ><\/div><\/div><!-- .wpforms-field-container --><div class=\"wpforms-submit-container\" ><input type=\"hidden\" name=\"wpforms[id]\" value=\"982\"><input type=\"hidden\" name=\"page_title\" value=\"\"><input type=\"hidden\" name=\"page_url\" value=\"https:\/\/lighttherapypet.com\/de\/wp-json\/wp\/v2\/product\/1028\"><input type=\"hidden\" name=\"url_referer\" value=\"\"><button type=\"submit\" name=\"wpforms[submit]\" id=\"wpforms-submit-982\" class=\"wpforms-submit\" data-alt-text=\"Sending...\" data-submit-text=\"Submit\" aria-live=\"assertive\" value=\"wpforms-submit\">Einreichen<\/button><img decoding=\"async\" src=\"https:\/\/lighttherapypet.com\/wp-content\/plugins\/wpforms\/assets\/images\/submit-spin.svg\" class=\"wpforms-submit-spinner\" style=\"display: none;\" width=\"26\" height=\"26\" alt=\"Wird geladen\" title=\"\"><\/div><input type=\"hidden\" name=\"trp-form-language\" value=\"de\"\/><\/form><\/div>  <!-- .wpforms-container -->\t\t<\/div>\n\t\t\t\t<\/div>\n\t\t\t\t\t<\/div>\n\t\t<\/div>\n\t\t\t\t\t<\/div>\n\t\t<\/section>\n\t\t\t\t<\/div>","protected":false},"excerpt":{"rendered":"<p>Diese easy-to-use Rotlichttherapie Pads f\u00fcr Hundebeine zu Hause sind non-invasive und kann nat\u00fcrliche und gesunde Behandlung f\u00fcr Hund Krankheiten oder Verletzungen. bieten<\/p>\n<div class=\"elementor-button-wrapper\"><a class=\"box-button elementor-button elementor-size-xl\" href=\"#elementor-action:action=popup:open&settings=eyJpZCI6IjE1MDkiLCJ0b2dnbGUiOmZhbHNlfQ==\">Produktpreis erhalten<\/a>\t\t<\/p>\n<div data-elementor-type=\"popup\" data-elementor-id=\"1509\" class=\"elementor elementor-1509\" data-elementor-settings=\"{&quot;a11y_navigation&quot;:&quot;yes&quot;,&quot;timing&quot;:[]}\" data-elementor-post-type=\"elementor_library\">\n<section class=\"elementor-section elementor-top-section elementor-element elementor-element-f9324b0 elementor-section-boxed elementor-section-height-default elementor-section-height-default\" data-id=\"f9324b0\" data-element_type=\"section\">\n<div class=\"elementor-container elementor-column-gap-default\">\n<div class=\"elementor-column elementor-col-100 elementor-top-column elementor-element elementor-element-451498c\" data-id=\"451498c\" data-element_type=\"column\">\n<div class=\"elementor-widget-wrap elementor-element-populated\">\n<div class=\"elementor-element elementor-element-8d53f36 elementor-widget elementor-widget-heading\" data-id=\"8d53f36\" data-element_type=\"widget\" data-widget_type=\"heading.default\">\n<div class=\"elementor-widget-container\">\n<h2 class=\"elementor-heading-title elementor-size-default\">Anfrage-Formular<\/h2>\n<\/p><\/div>\n<\/p><\/div>\n<div class=\"elementor-element elementor-element-4f1e67a elementor-widget elementor-widget-text-editor\" data-id=\"4f1e67a\" data-element_type=\"widget\" data-widget_type=\"text-editor.default\">\n<div class=\"elementor-widget-container\">\n<p>Wir zeigen nicht den Preis des Produktes, interessierte Kunden k\u00f6nnen das untenstehende Formular ausf\u00fcllen, um den Produktpreis zu erhalten. Wir werden Ihnen per E-Mail oder WhatsApp antworten!<\/p>\n<\/p><\/div>\n<\/p><\/div>\n<div class=\"elementor-element elementor-element-47cf273 elementor-widget elementor-widget-wpforms\" data-id=\"47cf273\" data-element_type=\"widget\" data-widget_type=\"wpforms.default\">\n<div class=\"elementor-widget-container\">\n<div class=\"wpforms-container\" id=\"wpforms-654\">\n<form id=\"wpforms-form-654\" class=\"wpforms-validate wpforms-form wpforms-ajax-form\" data-formid=\"654\" method=\"post\" enctype=\"multipart\/form-data\" action=\"\/de\/wp-json\/wp\/v2\/product\/1028\" data-token=\"f9734f01c50519a918796f8efe8ba201\" data-token-time=\"1776269368\" data-trp-original-action=\"\/de\/wp-json\/wp\/v2\/product\/1028\"><noscript class=\"wpforms-error-noscript\">Bitte aktiviere JavaScript in deinem Browser, um dieses Formular fertigzustellen.<\/noscript><\/p>\n<div class=\"wpforms-field-container\">\n<div id=\"wpforms-654-field_2-container\" class=\"wpforms-field wpforms-field-textarea\" data-field-id=\"2\"><label class=\"wpforms-field-label\" for=\"wpforms-654-field_2\">Nachricht <span class=\"wpforms-required-label\">*<\/span><\/label><textarea id=\"wpforms-654-field_2\" class=\"wpforms-field-medium wpforms-field-required\" name=\"wpforms[fields][2]\" required><\/textarea><\/div>\n<div id=\"wpforms-654-field_0-container\" class=\"wpforms-field wpforms-field-name\" data-field-id=\"0\"><label class=\"wpforms-field-label\" for=\"wpforms-654-field_0\">Name <span class=\"wpforms-required-label\">*<\/span><\/label><input type=\"text\" id=\"wpforms-654-field_0\" class=\"wpforms-field-medium wpforms-field-required\" name=\"wpforms[fields][0]\" placeholder=\"Ihr Name\" required><\/div>\n<div id=\"wpforms-654-field_1-container\" class=\"wpforms-field wpforms-field-email\" data-field-id=\"1\"><label class=\"wpforms-field-label\" for=\"wpforms-654-field_1\">E-Mail <span class=\"wpforms-required-label\">*<\/span><\/label><input type=\"email\" id=\"wpforms-654-field_1\" class=\"wpforms-field-medium wpforms-field-required\" name=\"wpforms[fields][1]\" placeholder=\"Ihre@E-Mail.com\" spellcheck=\"false\" required><\/div>\n<div id=\"wpforms-654-field_5-container\" class=\"wpforms-field wpforms-field-phone\" data-field-id=\"5\"><label class=\"wpforms-field-label\" for=\"wpforms-654-field_5\">Telefon \/ WhatsApp<\/label><input type=\"tel\" id=\"wpforms-654-field_5\" class=\"wpforms-field-medium\" data-rule-int-phone-field=\"true\" name=\"wpforms[fields][5]\" placeholder=\"Ihre Zahlen\" aria-label=\"Telefon \/ WhatsApp\" ><\/div>\n<\/div>\n<p><!-- .wpforms-field-container --><\/p>\n<div class=\"wpforms-submit-container\" ><input type=\"hidden\" name=\"wpforms[id]\" value=\"654\"><input type=\"hidden\" name=\"page_title\" value=\"\"><input type=\"hidden\" name=\"page_url\" value=\"https:\/\/lighttherapypet.com\/de\/wp-json\/wp\/v2\/product\/1028\"><input type=\"hidden\" name=\"url_referer\" value=\"\"><button type=\"submit\" name=\"wpforms[submit]\" id=\"wpforms-submit-654\" class=\"wpforms-submit\" data-alt-text=\"Sending...\" data-submit-text=\"Submit\" aria-live=\"assertive\" value=\"wpforms-submit\">Einreichen<\/button><img decoding=\"async\" src=\"https:\/\/lighttherapypet.com\/wp-content\/plugins\/wpforms\/assets\/images\/submit-spin.svg\" class=\"wpforms-submit-spinner\" style=\"display: none;\" width=\"26\" height=\"26\" alt=\"Wird geladen\"><\/div>\n<input type=\"hidden\" name=\"trp-form-language\" value=\"de\"\/><\/form>\n<\/div>\n<p>  <!-- .wpforms-container -->\t\t<\/div>\n<\/p><\/div>\n<\/p><\/div>\n<\/p><\/div>\n<\/p><\/div>\n<\/section><\/div>\n<\/p><\/div>\n<div class=\"section-title mb-0\" data-wow-delay=\".2s\">\n<h2>Verbesserung der Symptome von Hundebeinen<\/h2>\n<\/div>\n<div class=\"section-content\" data-wow-delay=\".4s\">\n<ul class=\"page-product-feature\">\n<li>Arthritis<\/li>\n<li>Weiches Gewebe und Schnitte<\/li>\n<li>Fugenfarbe<\/li>\n<li>Muskelkater<\/li>\n<li>Zerrungen und Verstauchungen<\/li>\n<\/ul>\n<\/div>","protected":false},"featured_media":1150,"template":"","meta":{"site-sidebar-layout":"default","site-content-layout":"","ast-site-content-layout":"default","site-content-style":"default","site-sidebar-style":"default","ast-global-header-display":"","ast-banner-title-visibility":"","ast-main-header-display":"","ast-hfb-above-header-display":"","ast-hfb-below-header-display":"","ast-hfb-mobile-header-display":"","site-post-title":"","ast-breadcrumbs-content":"","ast-featured-img":"","footer-sml-layout":"","theme-transparent-header-meta":"default","adv-header-id-meta":"","stick-header-meta":"default","header-above-stick-meta":"","header-main-stick-meta":"","header-below-stick-meta":"","astra-migrate-meta-layouts":"set","ast-page-background-enabled":"default","ast-page-background-meta":{"desktop":{"background-color":"","background-image":"","background-repeat":"repeat","background-position":"center center","background-size":"auto","background-attachment":"scroll","background-type":"","background-media":"","overlay-type":"","overlay-color":"","overlay-gradient":""},"tablet":{"background-color":"","background-image":"","background-repeat":"repeat","background-position":"center center","background-size":"auto","background-attachment":"scroll","background-type":"","background-media":"","overlay-type":"","overlay-color":"","overlay-gradient":""},"mobile":{"background-color":"","background-image":"","background-repeat":"repeat","background-position":"center center","background-size":"auto","background-attachment":"scroll","background-type":"","background-media":"","overlay-type":"","overlay-color":"","overlay-gradient":""}},"ast-content-background-meta":{"desktop":{"background-color":"var(--ast-global-color-5)","background-image":"","background-repeat":"repeat","background-position":"center center","background-size":"auto","background-attachment":"scroll","background-type":"","background-media":"","overlay-type":"","overlay-color":"","overlay-gradient":""},"tablet":{"background-color":"var(--ast-global-color-5)","background-image":"","background-repeat":"repeat","background-position":"center center","background-size":"auto","background-attachment":"scroll","background-type":"","background-media":"","overlay-type":"","overlay-color":"","overlay-gradient":""},"mobile":{"background-color":"var(--ast-global-color-5)","background-image":"","background-repeat":"repeat","background-position":"center center","background-size":"auto","background-attachment":"scroll","background-type":"","background-media":"","overlay-type":"","overlay-color":"","overlay-gradient":""}}},"product_brand":[],"product_cat":[28],"product_tag":[],"class_list":{"0":"post-1028","1":"product","2":"type-product","3":"status-publish","4":"has-post-thumbnail","6":"product_cat-dogs","7":"desktop-align-left","8":"tablet-align-left","9":"mobile-align-left","11":"first","12":"instock","13":"shipping-taxable","14":"product-type-simple"},"_links":{"self":[{"href":"https:\/\/lighttherapypet.com\/de\/wp-json\/wp\/v2\/product\/1028","targetHints":{"allow":["GET"]}}],"collection":[{"href":"https:\/\/lighttherapypet.com\/de\/wp-json\/wp\/v2\/product"}],"about":[{"href":"https:\/\/lighttherapypet.com\/de\/wp-json\/wp\/v2\/types\/product"}],"version-history":[{"count":0,"href":"https:\/\/lighttherapypet.com\/de\/wp-json\/wp\/v2\/product\/1028\/revisions"}],"wp:featuredmedia":[{"embeddable":true,"href":"https:\/\/lighttherapypet.com\/de\/wp-json\/wp\/v2\/media\/1150"}],"wp:attachment":[{"href":"https:\/\/lighttherapypet.com\/de\/wp-json\/wp\/v2\/media?parent=1028"}],"wp:term":[{"taxonomy":"product_brand","embeddable":true,"href":"https:\/\/lighttherapypet.com\/de\/wp-json\/wp\/v2\/product_brand?post=1028"},{"taxonomy":"product_cat","embeddable":true,"href":"https:\/\/lighttherapypet.com\/de\/wp-json\/wp\/v2\/product_cat?post=1028"},{"taxonomy":"product_tag","embeddable":true,"href":"https:\/\/lighttherapypet.com\/de\/wp-json\/wp\/v2\/product_tag?post=1028"}],"curies":[{"name":"wp","href":"https:\/\/api.w.org\/{rel}","templated":true}]}}