{"id":1372,"date":"2023-12-12T13:37:51","date_gmt":"2023-12-12T13:37:51","guid":{"rendered":"https:\/\/lighttherapypet.com\/?post_type=product&#038;p=1372"},"modified":"2024-03-13T16:11:11","modified_gmt":"2024-03-13T16:11:11","slug":"dogs-red-light-laser-therapy-wrap-supplier","status":"publish","type":"product","link":"https:\/\/lighttherapypet.com\/da\/dogs-red-light-laser-therapy-wrap-supplier\/","title":{"rendered":"Wrap med r\u00f8dt laserlys til hunde"},"content":{"rendered":"<div data-elementor-type=\"product-post\" data-elementor-id=\"1372\" class=\"elementor elementor-1372\" data-elementor-post-type=\"product\">\n\t\t\t\t\t\t<section class=\"elementor-section elementor-top-section elementor-element elementor-element-325c0f7e elementor-section-boxed elementor-section-height-default elementor-section-height-default\" data-id=\"325c0f7e\" data-element_type=\"section\">\n\t\t\t\t\t\t<div class=\"elementor-container elementor-column-gap-default\">\n\t\t\t\t\t<div class=\"elementor-column elementor-col-100 elementor-top-column elementor-element elementor-element-27cc62f2\" data-id=\"27cc62f2\" data-element_type=\"column\">\n\t\t\t<div class=\"elementor-widget-wrap elementor-element-populated\">\n\t\t\t\t\t\t<div class=\"elementor-element elementor-element-23ae9c74 elementor-widget elementor-widget-text-editor\" data-id=\"23ae9c74\" data-element_type=\"widget\" data-widget_type=\"text-editor.default\">\n\t\t\t\t<div class=\"elementor-widget-container\">\n\t\t\t\t\t\t\t<h2>Specifikationer for r\u00f8de laserterapiindpakninger til hunde<\/h2>\r\n<div class=\"row\">\r\n<div class=\"col-lg-6 col-md-12 col-12\">\r\n<div class=\"table-responsive text-left align-items-top\">\r\n<table class=\"table table-condensed table-hover\">\r\n<tbody>\r\n<tr>\r\n<td>Model<\/td>\r\n<td>RD-1<\/td>\r\n<\/tr>\r\n<tr>\r\n<td>B\u00f8lgel\u00e6ngder<\/td>\r\n<td>R\u00d8D 660 nm &amp; NIR 850 nm<\/td>\r\n<\/tr>\r\n<tr>\r\n<td>LED Str\u00f8m<\/td>\r\n<td>37W<\/td>\r\n<\/tr>\r\n<tr>\r\n<td>Puls<\/td>\r\n<td>10Hz<\/td>\r\n<\/tr>\r\n<tr>\r\n<td>Timer<\/td>\r\n<td>15 minutter<\/td>\r\n<\/tr>\r\n<tr>\r\n<td>Levetid<\/td>\r\n<td>100,000hrs<\/td>\r\n<\/tr>\r\n<tr>\r\n<td>M\u00e6ngde af LED<\/td>\r\n<td>74STK *0.5 W<\/td>\r\n<\/tr>\r\n<tr>\r\n<td>V\u00e6gt<\/td>\r\n<td>2.5 kg<\/td>\r\n<\/tr>\r\n<tr>\r\n<td>Materiale<\/td>\r\n<td>Styren | Butadien | Gummi (SBR)<\/td>\r\n<\/tr>\r\n<tr>\r\n<td>Garanti<\/td>\r\n<td>1 \u00e5r<\/td>\r\n<\/tr>\r\n<tr>\r\n<td>Tilpasning<\/td>\r\n<td>B\u00f8lgel\u00e6ngde \/ Logo \/ St\u00f8rrelse \/ Pakke<\/td>\r\n<\/tr>\r\n<\/tbody>\r\n<\/table>\r\n<\/div>\r\n<\/div>\r\n<\/div>\t\t\t\t\t\t<\/div>\n\t\t\t\t<\/div>\n\t\t\t\t\t<\/div>\n\t\t<\/div>\n\t\t\t\t\t<\/div>\n\t\t<\/section>\n\t\t\t\t<section class=\"elementor-section elementor-top-section elementor-element elementor-element-371f06fc elementor-section-boxed elementor-section-height-default elementor-section-height-default\" data-id=\"371f06fc\" data-element_type=\"section\">\n\t\t\t\t\t\t<div class=\"elementor-container elementor-column-gap-default\">\n\t\t\t\t\t<div class=\"elementor-column elementor-col-100 elementor-top-column elementor-element elementor-element-4695be5c\" data-id=\"4695be5c\" data-element_type=\"column\">\n\t\t\t<div class=\"elementor-widget-wrap elementor-element-populated\">\n\t\t\t\t\t\t<div class=\"elementor-element elementor-element-210af5f0 elementor-widget elementor-widget-heading\" data-id=\"210af5f0\" data-element_type=\"widget\" data-widget_type=\"heading.default\">\n\t\t\t\t<div class=\"elementor-widget-container\">\n\t\t\t<h3 class=\"elementor-heading-title elementor-size-default\">Anmodning om tilbud<\/h3>\t\t<\/div>\n\t\t\t\t<\/div>\n\t\t\t\t<div class=\"elementor-element elementor-element-77a1230 elementor-widget elementor-widget-text-editor\" data-id=\"77a1230\" data-element_type=\"widget\" data-widget_type=\"text-editor.default\">\n\t\t\t\t<div class=\"elementor-widget-container\">\n\t\t\t\t\t\t\t<p>Hvis du er interesseret i dette produkt og \u00f8nsker at importere det fra Kina til dit land til salg eller personlig brug, bedes du udfylde nedenst\u00e5ende formular for at kontakte os for produktpris og mere information, vi kontrollerer forsendelsesomkostningerne for dig. Lightcare Pet er en producent og eksport\u00f8r i Kina, vi underst\u00f8tter tilpassede produkter og emballage med dit brandlogo, og Dropshipping.<\/p>\t\t\t\t\t\t<\/div>\n\t\t\t\t<\/div>\n\t\t\t\t<div class=\"elementor-element elementor-element-4a0837ac elementor-widget elementor-widget-wpforms\" data-id=\"4a0837ac\" data-element_type=\"widget\" data-widget_type=\"wpforms.default\">\n\t\t\t\t<div class=\"elementor-widget-container\">\n\t\t\t<div class=\"wpforms-container\" id=\"wpforms-982\"><form id=\"wpforms-form-982\" class=\"wpforms-validate wpforms-form wpforms-ajax-form\" data-formid=\"982\" method=\"post\" enctype=\"multipart\/form-data\" action=\"\/da\/wp-json\/wp\/v2\/product\/1372\" data-token=\"4e6201a6f74fb22b8afe14fb76edac27\" data-token-time=\"1775875638\" data-trp-original-action=\"\/da\/wp-json\/wp\/v2\/product\/1372\"><noscript class=\"wpforms-error-noscript\">Aktiv\u00e9r venligst JavaScript i din browser for at udfylde denne formular.<\/noscript><div class=\"wpforms-field-container\"><div id=\"wpforms-982-field_3-container\" class=\"wpforms-field wpforms-field-textarea\" data-field-id=\"3\"><label class=\"wpforms-field-label\" for=\"wpforms-982-field_3\">Foresp\u00f8rgsel <span class=\"wpforms-required-label\">*<\/span><\/label><textarea id=\"wpforms-982-field_3\" class=\"wpforms-field-medium wpforms-field-required\" name=\"wpforms[fields][3]\" placeholder=\"Indtast produktmodel og antal, eller din logofil til tilpasning.\" required><\/textarea><\/div><div id=\"wpforms-982-field_2-container\" class=\"wpforms-field wpforms-field-name\" data-field-id=\"2\"><label class=\"wpforms-field-label\" for=\"wpforms-982-field_2\">Navn <span class=\"wpforms-required-label\">*<\/span><\/label><input type=\"text\" id=\"wpforms-982-field_2\" class=\"wpforms-field-large wpforms-field-required\" name=\"wpforms[fields][2]\" placeholder=\"Dit navn\" required><\/div><div id=\"wpforms-982-field_5-container\" class=\"wpforms-field wpforms-field-email\" data-field-id=\"5\"><label class=\"wpforms-field-label\" for=\"wpforms-982-field_5\">E-mail <span class=\"wpforms-required-label\">*<\/span><\/label><input type=\"email\" id=\"wpforms-982-field_5\" class=\"wpforms-field-large wpforms-field-required\" name=\"wpforms[fields][5]\" placeholder=\"din@email.com\" spellcheck=\"false\" required><div class=\"wpforms-field-description\">Vi svarer dig via e-mail, udfyld venligst korrekt.<\/div><\/div><div id=\"wpforms-982-field_6-container\" class=\"wpforms-field wpforms-field-phone\" data-field-id=\"6\"><label class=\"wpforms-field-label\" for=\"wpforms-982-field_6\">Telefon eller WhatsApp<\/label><input type=\"tel\" id=\"wpforms-982-field_6\" class=\"wpforms-field-large wpforms-smart-phone-field\" data-rule-smart-phone-field=\"true\" name=\"wpforms[fields][6]\" placeholder=\"Dine tal\" aria-label=\"Telefon eller WhatsApp\" ><\/div><\/div><!-- .wpforms-field-container --><div class=\"wpforms-submit-container\" ><input type=\"hidden\" name=\"wpforms[id]\" value=\"982\"><input type=\"hidden\" name=\"page_title\" value=\"\"><input type=\"hidden\" name=\"page_url\" value=\"https:\/\/lighttherapypet.com\/da\/wp-json\/wp\/v2\/product\/1372\"><input type=\"hidden\" name=\"url_referer\" value=\"\"><button type=\"submit\" name=\"wpforms[submit]\" id=\"wpforms-submit-982\" class=\"wpforms-submit\" data-alt-text=\"Sending...\" data-submit-text=\"Submit\" aria-live=\"assertive\" value=\"wpforms-submit\">Indsend<\/button><img decoding=\"async\" src=\"https:\/\/lighttherapypet.com\/wp-content\/plugins\/wpforms\/assets\/images\/submit-spin.svg\" class=\"wpforms-submit-spinner\" style=\"display: none;\" width=\"26\" height=\"26\" alt=\"Indl\u00e6sning\" title=\"\"><\/div><input type=\"hidden\" name=\"trp-form-language\" value=\"da\"\/><\/form><\/div>  <!-- .wpforms-container -->\t\t<\/div>\n\t\t\t\t<\/div>\n\t\t\t\t\t<\/div>\n\t\t<\/div>\n\t\t\t\t\t<\/div>\n\t\t<\/section>\n\t\t\t\t<\/div>","protected":false},"excerpt":{"rendered":"<p>Disse indpakninger til laserterapi med r\u00f8dt lys til hunde er ikke-invasive og naturlige behandlinger til hundesundhed. Vi er en kinesisk leverand\u00f8r af indpakningsprodukter til terapi med r\u00f8dt lys til hunde<\/p>\n<div class=\"elementor-button-wrapper\"><a class=\"box-button elementor-button elementor-size-xl\" href=\"#elementor-action:action=popup:open&settings=eyJpZCI6IjE1MDkiLCJ0b2dnbGUiOmZhbHNlfQ==\">F\u00e5 produktpris<\/a>\t\t<\/p>\n<div data-elementor-type=\"popup\" data-elementor-id=\"1509\" class=\"elementor elementor-1509\" data-elementor-settings=\"{&quot;a11y_navigation&quot;:&quot;yes&quot;,&quot;timing&quot;:[]}\" data-elementor-post-type=\"elementor_library\">\n<section class=\"elementor-section elementor-top-section elementor-element elementor-element-f9324b0 elementor-section-boxed elementor-section-height-default elementor-section-height-default\" data-id=\"f9324b0\" data-element_type=\"section\">\n<div class=\"elementor-container elementor-column-gap-default\">\n<div class=\"elementor-column elementor-col-100 elementor-top-column elementor-element elementor-element-451498c\" data-id=\"451498c\" data-element_type=\"column\">\n<div class=\"elementor-widget-wrap elementor-element-populated\">\n<div class=\"elementor-element elementor-element-8d53f36 elementor-widget elementor-widget-heading\" data-id=\"8d53f36\" data-element_type=\"widget\" data-widget_type=\"heading.default\">\n<div class=\"elementor-widget-container\">\n<h2 class=\"elementor-heading-title elementor-size-default\">Foresp\u00f8rgselsformular<\/h2>\n<\/p><\/div>\n<\/p><\/div>\n<div class=\"elementor-element elementor-element-4f1e67a elementor-widget elementor-widget-text-editor\" data-id=\"4f1e67a\" data-element_type=\"widget\" data-widget_type=\"text-editor.default\">\n<div class=\"elementor-widget-container\">\n<p>Vi viser ikke prisen p\u00e5 produktet, interesserede kunder kan udfylde nedenst\u00e5ende formular for at f\u00e5 produktprisen. Vi vil svare dig via e-mail eller WhatsApp!<\/p>\n<\/p><\/div>\n<\/p><\/div>\n<div class=\"elementor-element elementor-element-47cf273 elementor-widget elementor-widget-wpforms\" data-id=\"47cf273\" data-element_type=\"widget\" data-widget_type=\"wpforms.default\">\n<div class=\"elementor-widget-container\">\n<div class=\"wpforms-container\" id=\"wpforms-654\">\n<form id=\"wpforms-form-654\" class=\"wpforms-validate wpforms-form wpforms-ajax-form\" data-formid=\"654\" method=\"post\" enctype=\"multipart\/form-data\" action=\"\/da\/wp-json\/wp\/v2\/product\/1372\" data-token=\"3c7e457907e7340c90036c927b72fbc8\" data-token-time=\"1775875638\" data-trp-original-action=\"\/da\/wp-json\/wp\/v2\/product\/1372\"><noscript class=\"wpforms-error-noscript\">Aktiv\u00e9r venligst JavaScript i din browser for at udfylde denne formular.<\/noscript><\/p>\n<div class=\"wpforms-field-container\">\n<div id=\"wpforms-654-field_2-container\" class=\"wpforms-field wpforms-field-textarea\" data-field-id=\"2\"><label class=\"wpforms-field-label\" for=\"wpforms-654-field_2\">Besked <span class=\"wpforms-required-label\">*<\/span><\/label><textarea id=\"wpforms-654-field_2\" class=\"wpforms-field-medium wpforms-field-required\" name=\"wpforms[fields][2]\" required><\/textarea><\/div>\n<div id=\"wpforms-654-field_0-container\" class=\"wpforms-field wpforms-field-name\" data-field-id=\"0\"><label class=\"wpforms-field-label\" for=\"wpforms-654-field_0\">Navn <span class=\"wpforms-required-label\">*<\/span><\/label><input type=\"text\" id=\"wpforms-654-field_0\" class=\"wpforms-field-medium wpforms-field-required\" name=\"wpforms[fields][0]\" placeholder=\"Dit navn\" required><\/div>\n<div id=\"wpforms-654-field_1-container\" class=\"wpforms-field wpforms-field-email\" data-field-id=\"1\"><label class=\"wpforms-field-label\" for=\"wpforms-654-field_1\">E-mail <span class=\"wpforms-required-label\">*<\/span><\/label><input type=\"email\" id=\"wpforms-654-field_1\" class=\"wpforms-field-medium wpforms-field-required\" name=\"wpforms[fields][1]\" placeholder=\"din@email.com\" spellcheck=\"false\" required><\/div>\n<div id=\"wpforms-654-field_5-container\" class=\"wpforms-field wpforms-field-phone\" data-field-id=\"5\"><label class=\"wpforms-field-label\" for=\"wpforms-654-field_5\">Telefon \/ WhatsApp<\/label><input type=\"tel\" id=\"wpforms-654-field_5\" class=\"wpforms-field-medium\" data-rule-int-phone-field=\"true\" name=\"wpforms[fields][5]\" placeholder=\"Dine tal\" aria-label=\"Telefon \/ WhatsApp\" ><\/div>\n<\/div>\n<p><!-- .wpforms-field-container --><\/p>\n<div class=\"wpforms-submit-container\" ><input type=\"hidden\" name=\"wpforms[id]\" value=\"654\"><input type=\"hidden\" name=\"page_title\" value=\"\"><input type=\"hidden\" name=\"page_url\" value=\"https:\/\/lighttherapypet.com\/da\/wp-json\/wp\/v2\/product\/1372\"><input type=\"hidden\" name=\"url_referer\" value=\"\"><button type=\"submit\" name=\"wpforms[submit]\" id=\"wpforms-submit-654\" class=\"wpforms-submit\" data-alt-text=\"Sending...\" data-submit-text=\"Submit\" aria-live=\"assertive\" value=\"wpforms-submit\">Indsend<\/button><img decoding=\"async\" src=\"https:\/\/lighttherapypet.com\/wp-content\/plugins\/wpforms\/assets\/images\/submit-spin.svg\" class=\"wpforms-submit-spinner\" style=\"display: none;\" width=\"26\" height=\"26\" alt=\"Indl\u00e6sning\"><\/div>\n<input type=\"hidden\" name=\"trp-form-language\" value=\"da\"\/><\/form>\n<\/div>\n<p>  <!-- .wpforms-container -->\t\t<\/div>\n<\/p><\/div>\n<\/p><\/div>\n<\/p><\/div>\n<\/p><\/div>\n<\/section><\/div>\n<\/p><\/div>\n<div class=\"section-title mb-0\" data-wow-delay=\".2s\">\n<h2>Forbedre symptomerne p\u00e5 hundens krop<\/h2>\n<\/div>\n<div class=\"section-content\" data-wow-delay=\".4s\">\n<ul class=\"page-product-feature\">\n<li>Bl\u00f8dt v\u00e6v og snits\u00e5r<\/li>\n<li>Fugemaling<\/li>\n<li>\u00d8mme muskler<\/li>\n<li>Forstr\u00e6kninger og forstuvninger<\/li>\n<\/ul>\n<\/div>","protected":false},"featured_media":1374,"template":"","meta":{"site-sidebar-layout":"default","site-content-layout":"","ast-site-content-layout":"default","site-content-style":"default","site-sidebar-style":"default","ast-global-header-display":"","ast-banner-title-visibility":"","ast-main-header-display":"","ast-hfb-above-header-display":"","ast-hfb-below-header-display":"","ast-hfb-mobile-header-display":"","site-post-title":"","ast-breadcrumbs-content":"","ast-featured-img":"","footer-sml-layout":"","theme-transparent-header-meta":"default","adv-header-id-meta":"","stick-header-meta":"default","header-above-stick-meta":"","header-main-stick-meta":"","header-below-stick-meta":"","astra-migrate-meta-layouts":"set","ast-page-background-enabled":"default","ast-page-background-meta":{"desktop":{"background-color":"","background-image":"","background-repeat":"repeat","background-position":"center center","background-size":"auto","background-attachment":"scroll","background-type":"","background-media":"","overlay-type":"","overlay-color":"","overlay-gradient":""},"tablet":{"background-color":"","background-image":"","background-repeat":"repeat","background-position":"center center","background-size":"auto","background-attachment":"scroll","background-type":"","background-media":"","overlay-type":"","overlay-color":"","overlay-gradient":""},"mobile":{"background-color":"","background-image":"","background-repeat":"repeat","background-position":"center center","background-size":"auto","background-attachment":"scroll","background-type":"","background-media":"","overlay-type":"","overlay-color":"","overlay-gradient":""}},"ast-content-background-meta":{"desktop":{"background-color":"var(--ast-global-color-5)","background-image":"","background-repeat":"repeat","background-position":"center center","background-size":"auto","background-attachment":"scroll","background-type":"","background-media":"","overlay-type":"","overlay-color":"","overlay-gradient":""},"tablet":{"background-color":"var(--ast-global-color-5)","background-image":"","background-repeat":"repeat","background-position":"center center","background-size":"auto","background-attachment":"scroll","background-type":"","background-media":"","overlay-type":"","overlay-color":"","overlay-gradient":""},"mobile":{"background-color":"var(--ast-global-color-5)","background-image":"","background-repeat":"repeat","background-position":"center center","background-size":"auto","background-attachment":"scroll","background-type":"","background-media":"","overlay-type":"","overlay-color":"","overlay-gradient":""}}},"product_brand":[],"product_cat":[28],"product_tag":[],"class_list":{"0":"post-1372","1":"product","2":"type-product","3":"status-publish","4":"has-post-thumbnail","6":"product_cat-dogs","7":"desktop-align-left","8":"tablet-align-left","9":"mobile-align-left","11":"first","12":"instock","13":"shipping-taxable","14":"product-type-simple"},"_links":{"self":[{"href":"https:\/\/lighttherapypet.com\/da\/wp-json\/wp\/v2\/product\/1372","targetHints":{"allow":["GET"]}}],"collection":[{"href":"https:\/\/lighttherapypet.com\/da\/wp-json\/wp\/v2\/product"}],"about":[{"href":"https:\/\/lighttherapypet.com\/da\/wp-json\/wp\/v2\/types\/product"}],"version-history":[{"count":0,"href":"https:\/\/lighttherapypet.com\/da\/wp-json\/wp\/v2\/product\/1372\/revisions"}],"wp:featuredmedia":[{"embeddable":true,"href":"https:\/\/lighttherapypet.com\/da\/wp-json\/wp\/v2\/media\/1374"}],"wp:attachment":[{"href":"https:\/\/lighttherapypet.com\/da\/wp-json\/wp\/v2\/media?parent=1372"}],"wp:term":[{"taxonomy":"product_brand","embeddable":true,"href":"https:\/\/lighttherapypet.com\/da\/wp-json\/wp\/v2\/product_brand?post=1372"},{"taxonomy":"product_cat","embeddable":true,"href":"https:\/\/lighttherapypet.com\/da\/wp-json\/wp\/v2\/product_cat?post=1372"},{"taxonomy":"product_tag","embeddable":true,"href":"https:\/\/lighttherapypet.com\/da\/wp-json\/wp\/v2\/product_tag?post=1372"}],"curies":[{"name":"wp","href":"https:\/\/api.w.org\/{rel}","templated":true}]}}